{"id":24041,"date":"2023-11-05T22:18:08","date_gmt":"2023-11-05T21:18:08","guid":{"rendered":"https:\/\/www.ieec.cat\/newspace\/newspace-lab\/"},"modified":"2026-01-09T11:24:32","modified_gmt":"2026-01-09T10:24:32","slug":"catalonia-space-labs","status":"publish","type":"page","link":"https:\/\/www.ieec.cat\/es\/apec\/catalonia-space-labs\/","title":{"rendered":"Catalonia Space Labs"},"content":{"rendered":"<p>[et_pb_section fb_built=\u00bb1&#8243; admin_label=\u00bbSection\u00bb _builder_version=\u00bb4.16&#8243; _module_preset=\u00bbdefault\u00bb background_image=\u00bbhttps:\/\/www.ieec.cat\/wp-content\/uploads\/2022\/12\/newspace-1.webp\u00bb background_position=\u00bbtop_center\u00bb min_height=\u00bb338px\u00bb custom_padding=\u00bb||0px||false|false\u00bb da_disable_devices=\u00bboff|off|off\u00bb global_colors_info=\u00bb{}\u00bb da_is_popup=\u00bboff\u00bb da_exit_intent=\u00bboff\u00bb da_has_close=\u00bbon\u00bb da_alt_close=\u00bboff\u00bb da_dark_close=\u00bboff\u00bb da_not_modal=\u00bbon\u00bb da_is_singular=\u00bboff\u00bb da_with_loader=\u00bboff\u00bb da_has_shadow=\u00bbon\u00bb][et_pb_row custom_padding_last_edited=\u00bbon|phone\u00bb _builder_version=\u00bb4.16&#8243; _module_preset=\u00bbdefault\u00bb background_color=\u00bbRGBA(255,255,255,0)\u00bb module_alignment=\u00bbcenter\u00bb custom_margin=\u00bb20px||0px||false|false\u00bb custom_padding=\u00bb10px||4px|0px|false|false\u00bb custom_padding_tablet=\u00bb||0px||false|false\u00bb custom_padding_phone=\u00bb||0px||false|false\u00bb global_colors_info=\u00bb{}\u00bb][et_pb_column type=\u00bb4_4&#8243; _builder_version=\u00bb4.16&#8243; _module_preset=\u00bbdefault\u00bb global_colors_info=\u00bb{}\u00bb][et_pb_text _builder_version=\u00bb4.27.5&#8243; _module_preset=\u00bbdefault\u00bb text_text_color=\u00bb#FFFFFF\u00bb text_font_size=\u00bb16px\u00bb link_font=\u00bb|600|||on||||\u00bb link_text_color=\u00bb#FFFFFF\u00bb header_font=\u00bb|600|||||||\u00bb header_text_color=\u00bb#FFFFFF\u00bb header_font_size=\u00bb25px\u00bb header_2_font=\u00bbCairo|800|||||||\u00bb header_2_text_color=\u00bb#FFFFFF\u00bb header_2_font_size=\u00bb44px\u00bb custom_margin=\u00bb|0px|0px||false|false\u00bb custom_padding=\u00bb|0px|||false|false\u00bb header_2_font_size_tablet=\u00bb36px\u00bb header_2_font_size_phone=\u00bb30px\u00bb header_2_font_size_last_edited=\u00bbon|phone\u00bb global_colors_info=\u00bb{}\u00bb]<\/p>\n<p><a href=\"https:\/\/ieec.cat\/es\/apec\/\">APEC<\/a> | <strong>Catalonia Space Labs<\/strong><\/p>\n<p>[\/et_pb_text][\/et_pb_column][\/et_pb_row][et_pb_row custom_padding_last_edited=\u00bbon|phone\u00bb _builder_version=\u00bb4.16&#8243; _module_preset=\u00bbdefault\u00bb background_color=\u00bbrgba(255,255,255,0.38)\u00bb module_alignment=\u00bbcenter\u00bb custom_margin=\u00bb20px||0px||false|false\u00bb custom_padding=\u00bb10px||4px|40px|false|false\u00bb custom_padding_tablet=\u00bb||0px||false|false\u00bb custom_padding_phone=\u00bb||0px||false|false\u00bb global_colors_info=\u00bb{}\u00bb][et_pb_column type=\u00bb4_4&#8243; _builder_version=\u00bb4.16&#8243; _module_preset=\u00bbdefault\u00bb global_colors_info=\u00bb{}\u00bb][et_pb_text _builder_version=\u00bb4.27.5&#8243; _module_preset=\u00bbdefault\u00bb header_font=\u00bbCairo|600|||||||\u00bb header_text_color=\u00bb#FFFFFF\u00bb header_font_size=\u00bb25px\u00bb header_2_font=\u00bbCairo|800|||||||\u00bb header_2_text_color=\u00bb#FFFFFF\u00bb header_2_font_size=\u00bb44px\u00bb custom_margin=\u00bb|0px|0px||false|false\u00bb custom_padding=\u00bb|0px|||false|false\u00bb header_2_font_size_tablet=\u00bb36px\u00bb header_2_font_size_phone=\u00bb30px\u00bb header_2_font_size_last_edited=\u00bbon|phone\u00bb global_colors_info=\u00bb{}\u00bb]<\/p>\n<h1><strong>Catalonia Space Labs<\/strong><\/h1>\n<p>[\/et_pb_text][\/et_pb_column][\/et_pb_row][et_pb_row _builder_version=\u00bb4.16&#8243; _module_preset=\u00bbdefault\u00bb background_color=\u00bbRGBA(255,255,255,0)\u00bb global_colors_info=\u00bb{}\u00bb][et_pb_column type=\u00bb4_4&#8243; _builder_version=\u00bb4.16&#8243; _module_preset=\u00bbdefault\u00bb global_colors_info=\u00bb{}\u00bb][et_pb_text _builder_version=\u00bb4.27.5&#8243; _module_preset=\u00bbdefault\u00bb text_font=\u00bb|600|||||||\u00bb text_text_color=\u00bb#FFFFFF\u00bb text_font_size=\u00bb23px\u00bb text_line_height=\u00bb1.1em\u00bb custom_padding=\u00bb|||40px|false|false\u00bb custom_padding_tablet=\u00bb|||0px|false|false\u00bb custom_padding_phone=\u00bb|||0px|false|false\u00bb custom_padding_last_edited=\u00bbon|tablet\u00bb text_font_size_tablet=\u00bb21px\u00bb text_font_size_phone=\u00bb20px\u00bb text_font_size_last_edited=\u00bbon|phone\u00bb global_colors_info=\u00bb{}\u00bb]<\/p>\n<p><em>Catalonia Space Labs pone a disposici\u00f3n del p\u00fablico una serie de equipamientos del sector espacial de Catalunya para facilitar su visibilidad dentro del ecosistema local.<\/em><\/p>\n<p>[\/et_pb_text][\/et_pb_column][\/et_pb_row][\/et_pb_section][et_pb_section fb_built=\u00bb1&#8243; admin_label=\u00bbSection\u00bb _builder_version=\u00bb4.16&#8243; _module_preset=\u00bbdefault\u00bb custom_padding=\u00bb37px||10px||false|false\u00bb da_disable_devices=\u00bboff|off|off\u00bb global_colors_info=\u00bb{}\u00bb da_is_popup=\u00bboff\u00bb da_exit_intent=\u00bboff\u00bb da_has_close=\u00bbon\u00bb da_alt_close=\u00bboff\u00bb da_dark_close=\u00bboff\u00bb da_not_modal=\u00bbon\u00bb da_is_singular=\u00bboff\u00bb da_with_loader=\u00bboff\u00bb da_has_shadow=\u00bbon\u00bb][et_pb_row _builder_version=\u00bb4.16&#8243; _module_preset=\u00bbdefault\u00bb custom_margin=\u00bb0px||0px||false|false\u00bb custom_padding=\u00bb0px||0px||false|false\u00bb global_colors_info=\u00bb{}\u00bb][et_pb_column type=\u00bb4_4&#8243; _builder_version=\u00bb4.16&#8243; _module_preset=\u00bbdefault\u00bb global_colors_info=\u00bb{}\u00bb][et_pb_text _builder_version=\u00bb4.27.5&#8243; _module_preset=\u00bbdefault\u00bb custom_margin=\u00bb0px||||false|false\u00bb custom_padding=\u00bb0px||15px||false|false\u00bb global_colors_info=\u00bb{}\u00bb]<\/p>\n<p><span style=\"font-weight: 400;\">El acceso a equipamiento para la realizaci\u00f3n de pruebas y el desarrollo de componentes es una necesidad esencial dentro del sector espacial.\u00a0<\/span><\/p>\n<p><span style=\"font-weight: 400;\">Catalonia Space Labs busca mapear las instalaciones vinculadas al sector en Catalunya, con el objetivo de facilitar su uso, promocionarlas a nivel local e internacional, y dar soporte para su mejora, ya sea maximizando el uso de los equipos ya existentes, o desarrollando otras infraestructuras donde se detecten necesidades.<\/span><\/p>\n<p><span style=\"font-weight: 400;\">Se ha creado un portal, accesible al p\u00fablico, para que sea un punto de referencia de los equipamientos del sector espacial en Catalunya y as\u00ed facilitar su visibilidad. Este portal muestra un inventario de las infraestructuras y capacidades existentes, creado en colaboraci\u00f3n con las empresas y entidades propietarias de las mismas. A continuaci\u00f3n, encontrar\u00e9is el listado de las infraestructuras cuya presencia en el portal ha sido confirmada.<\/span><\/p>\n<p>[\/et_pb_text][\/et_pb_column][\/et_pb_row][et_pb_row column_structure=\u00bb1_2,1_2&#8243; _builder_version=\u00bb4.16&#8243; _module_preset=\u00bbdefault\u00bb custom_padding=\u00bb15px|||||\u00bb global_colors_info=\u00bb{}\u00bb][et_pb_column type=\u00bb1_2&#8243; _builder_version=\u00bb4.16&#8243; _module_preset=\u00bbdefault\u00bb global_colors_info=\u00bb{}\u00bb][et_pb_text _builder_version=\u00bb4.27.5&#8243; _module_preset=\u00bbdefault\u00bb text_text_color=\u00bb#1a1140&#8243; custom_margin=\u00bb0px|50px|||false|false\u00bb custom_margin_tablet=\u00bb0px||||false|false\u00bb custom_margin_phone=\u00bb0px||||false|false\u00bb custom_margin_last_edited=\u00bbon|desktop\u00bb global_colors_info=\u00bb{}\u00bb]<\/p>\n<p><span style=\"font-weight: 400;\">Catalonia Space Labs es una iniciativa promovida por la <\/span><b>Generalitat de Catalunya<\/b><span style=\"font-weight: 400;\">, con el apoyo del <\/span><b>Institut d&#8217;Estudis Espacials de Catalunya<\/b><span style=\"font-weight: 400;\"> (IEEC), que se inici\u00f3 en el marco de la Estrategia NewSpace de Catalunya aprobada por el Gobierno catal\u00e1n en 2020, y que contin\u00faa su despliegue con la nueva <\/span><b>Estrategia Catalunya Espacio 2030<\/b><span style=\"font-weight: 400;\">, vigente desde el oto\u00f1o de 2025.<\/span><\/p>\n<p>[\/et_pb_text][\/et_pb_column][et_pb_column type=\u00bb1_2&#8243; _builder_version=\u00bb4.16&#8243; _module_preset=\u00bbdefault\u00bb background_color=\u00bb#406FDA\u00bb global_colors_info=\u00bb{}\u00bb][et_pb_text module_class=\u00bblink-white\u00bb _builder_version=\u00bb4.27.5&#8243; _module_preset=\u00bbdefault\u00bb text_font=\u00bbOswald||||||||\u00bb text_text_color=\u00bb#FFFFFF\u00bb link_font=\u00bb|700|||||||\u00bb link_text_color=\u00bb#FFFFFF\u00bb background_color=\u00bb#406FDA\u00bb custom_padding=\u00bb30px|30px|30px|30px|false|false\u00bb global_colors_info=\u00bb{}\u00bb]<\/p>\n<p>Si ten\u00e9is inter\u00e9s en alguna de estas infraestructuras o quer\u00e9is formar parte del Catalonia Space Labs, hac\u00e9dnoslo saber enviando un correo electr\u00f3nico a <a href=\"mailto:info-apec@ieec.cat\" target=\"_blank\" rel=\"noopener\">info-apec@ieec.cat<\/a>.<\/p>\n<p>[\/et_pb_text][\/et_pb_column][\/et_pb_row][et_pb_row _builder_version=\u00bb4.16&#8243; _module_preset=\u00bbdefault\u00bb custom_padding=\u00bb0px||0px|||\u00bb global_colors_info=\u00bb{}\u00bb][et_pb_column type=\u00bb4_4&#8243; _builder_version=\u00bb4.16&#8243; _module_preset=\u00bbdefault\u00bb global_colors_info=\u00bb{}\u00bb][et_pb_button button_url=\u00bbhttps:\/\/www.ieec.cat\/es\/apec\/catalonia-space-labs\/#mapa-newspace-lab\u00bb button_text=\u00bbCONSULTA MAPA\u00bb button_alignment=\u00bbleft\u00bb disabled_on=\u00bboff|off|off\u00bb _builder_version=\u00bb4.27.5&#8243; _module_preset=\u00bbdefault\u00bb custom_margin=\u00bb20px||20px||false|false\u00bb custom_margin_tablet=\u00bb10px||5px||false|false\u00bb custom_margin_phone=\u00bb10px||5px||false|false\u00bb custom_margin_last_edited=\u00bbon|phone\u00bb custom_padding=\u00bb12px|40px|12px|30px|true|false\u00bb custom_padding_tablet=\u00bb12px|40px|12px|30px|true|false\u00bb custom_padding_phone=\u00bb10px|40px|10px|30px|true|false\u00bb custom_padding_last_edited=\u00bbon|phone\u00bb hover_enabled=\u00bb0&#8243; locked=\u00bboff\u00bb global_colors_info=\u00bb{}\u00bb sticky_enabled=\u00bb0&#8243;][\/et_pb_button][\/et_pb_column][\/et_pb_row][\/et_pb_section][et_pb_section fb_built=\u00bb1&#8243; admin_label=\u00bbSection\u00bb module_id=\u00bbinfraestructuras\u00bb module_class=\u00bbbuttons-aligned-bottom\u00bb _builder_version=\u00bb4.16&#8243; _module_preset=\u00bbdefault\u00bb custom_margin=\u00bb0px||0px|0px|false|false\u00bb custom_padding=\u00bb0px|0px|0px|0px|false|false\u00bb da_popup_slug=\u00bbinfraestructures\u00bb da_disable_devices=\u00bboff|off|off\u00bb global_colors_info=\u00bb{}\u00bb da_is_popup=\u00bboff\u00bb da_exit_intent=\u00bboff\u00bb da_has_close=\u00bbon\u00bb da_alt_close=\u00bboff\u00bb da_dark_close=\u00bboff\u00bb da_not_modal=\u00bbon\u00bb da_is_singular=\u00bboff\u00bb da_with_loader=\u00bboff\u00bb da_has_shadow=\u00bbon\u00bb][et_pb_row _builder_version=\u00bb4.16&#8243; _module_preset=\u00bbdefault\u00bb custom_margin=\u00bb20px||0px||false|false\u00bb custom_padding=\u00bb||0px||false|false\u00bb locked=\u00bboff\u00bb global_colors_info=\u00bb{}\u00bb][et_pb_column type=\u00bb4_4&#8243; _builder_version=\u00bb4.16&#8243; _module_preset=\u00bbdefault\u00bb global_colors_info=\u00bb{}\u00bb][et_pb_text _builder_version=\u00bb4.16&#8243; _module_preset=\u00bbdefault\u00bb text_font=\u00bbOswald|||on|||||\u00bb text_text_color=\u00bb#1e2793&#8243; text_font_size=\u00bb14px\u00bb text_letter_spacing=\u00bb4px\u00bb header_font=\u00bbOswald||||||||\u00bb header_text_color=\u00bb#1a1140&#8243; header_font_size=\u00bb15px\u00bb header_letter_spacing=\u00bb4px\u00bb header_2_font=\u00bbOswald|||on|||||\u00bb header_2_text_color=\u00bb#1e2793&#8243; header_2_font_size=\u00bb15px\u00bb header_2_letter_spacing=\u00bb4px\u00bb header_3_font=\u00bbOswald|||on|||||\u00bb header_3_text_color=\u00bb#1E2793&#8243; header_3_font_size=\u00bb15px\u00bb header_3_letter_spacing=\u00bb4px\u00bb background_color=\u00bb#FFFFFF\u00bb z_index=\u00bb4&#8243; width=\u00bb480px\u00bb width_tablet=\u00bb470px\u00bb width_phone=\u00bb200px\u00bb width_last_edited=\u00bbon|phone\u00bb custom_margin=\u00bb0px||||false|false\u00bb custom_padding=\u00bb|0px||0px|false|false\u00bb text_font_tablet=\u00bbOswald|||on|||||\u00bb text_font_phone=\u00bbOswald|||on|||||\u00bb text_font_last_edited=\u00bbon|phone\u00bb header_font_size_tablet=\u00bb\u00bb header_font_size_phone=\u00bb\u00bb header_font_size_last_edited=\u00bbon|phone\u00bb global_colors_info=\u00bb{}\u00bb]<\/p>\n<h3>infraestructuras, equipamientos y servicios<\/h3>\n<p>[\/et_pb_text][et_pb_divider color=\u00bb#1E2793&#8243; _builder_version=\u00bb4.16&#8243; _module_preset=\u00bbdefault\u00bb z_index=\u00bb2&#8243; custom_margin=\u00bb-47px||||false|false\u00bb global_colors_info=\u00bb{}\u00bb][\/et_pb_divider][\/et_pb_column][\/et_pb_row][et_pb_row _builder_version=\u00bb4.16&#8243; _module_preset=\u00bbdefault\u00bb global_colors_info=\u00bb{}\u00bb][et_pb_column type=\u00bb4_4&#8243; _builder_version=\u00bb4.16&#8243; _module_preset=\u00bbdefault\u00bb global_colors_info=\u00bb{}\u00bb][et_pb_filterable_portfolio fullwidth=\u00bboff\u00bb include_categories=\u00bb168,166,167&#8243; show_categories=\u00bboff\u00bb show_pagination=\u00bboff\u00bb _builder_version=\u00bb4.27.5&#8243; _module_preset=\u00bbdefault\u00bb title_level=\u00bbh3&#8243; title_font=\u00bb|700|||||||\u00bb title_text_color=\u00bb#1E2793&#8243; title_font_size=\u00bb26px\u00bb filter_font=\u00bb|700|||||||\u00bb border_width_all=\u00bb1px\u00bb border_color_all=\u00bb#1E2793&#8243; border_width_all_image=\u00bb0px\u00bb border_color_all_image=\u00bb#1E2793&#8243; global_colors_info=\u00bb{}\u00bb][\/et_pb_filterable_portfolio][\/et_pb_column][\/et_pb_row][\/et_pb_section][et_pb_section fb_built=\u00bb1&#8243; admin_label=\u00bbSection\u00bb module_class=\u00bbbuttons-aligned-bottom\u00bb _builder_version=\u00bb4.16&#8243; _module_preset=\u00bbdefault\u00bb custom_margin=\u00bb0px||0px|0px|false|false\u00bb custom_padding=\u00bb0px|0px|0px|0px|false|false\u00bb da_disable_devices=\u00bboff|off|off\u00bb global_colors_info=\u00bb{}\u00bb da_is_popup=\u00bboff\u00bb da_exit_intent=\u00bboff\u00bb da_has_close=\u00bbon\u00bb da_alt_close=\u00bboff\u00bb da_dark_close=\u00bboff\u00bb da_not_modal=\u00bbon\u00bb da_is_singular=\u00bboff\u00bb da_with_loader=\u00bboff\u00bb da_has_shadow=\u00bbon\u00bb][et_pb_row module_id=\u00bbmapa-newspace-lab\u00bb _builder_version=\u00bb4.16&#8243; _module_preset=\u00bbdefault\u00bb custom_margin=\u00bb20px||0px||false|false\u00bb custom_padding=\u00bb||0px||false|false\u00bb locked=\u00bboff\u00bb global_colors_info=\u00bb{}\u00bb][et_pb_column type=\u00bb4_4&#8243; _builder_version=\u00bb4.16&#8243; _module_preset=\u00bbdefault\u00bb global_colors_info=\u00bb{}\u00bb][et_pb_text _builder_version=\u00bb4.16&#8243; _module_preset=\u00bbdefault\u00bb text_font=\u00bbOswald|||on|||||\u00bb text_text_color=\u00bb#1e2793&#8243; text_font_size=\u00bb14px\u00bb text_letter_spacing=\u00bb4px\u00bb header_font=\u00bbOswald||||||||\u00bb header_text_color=\u00bb#1a1140&#8243; header_font_size=\u00bb15px\u00bb header_letter_spacing=\u00bb4px\u00bb header_2_font=\u00bbOswald|||on|||||\u00bb header_2_text_color=\u00bb#1e2793&#8243; header_2_font_size=\u00bb15px\u00bb header_2_letter_spacing=\u00bb4px\u00bb header_3_font=\u00bbOswald|||on|||||\u00bb header_3_text_color=\u00bb#1E2793&#8243; header_3_font_size=\u00bb15px\u00bb header_3_letter_spacing=\u00bb4px\u00bb background_color=\u00bb#FFFFFF\u00bb z_index=\u00bb4&#8243; width=\u00bb143px\u00bb width_tablet=\u00bb150px\u00bb width_phone=\u00bb145px\u00bb width_last_edited=\u00bbon|phone\u00bb custom_margin=\u00bb0px||||false|false\u00bb custom_padding=\u00bb|0px||0px|false|false\u00bb text_font_tablet=\u00bbOswald|||on|||||\u00bb text_font_phone=\u00bbOswald|||on|||||\u00bb text_font_last_edited=\u00bbon|phone\u00bb header_font_size_tablet=\u00bb\u00bb header_font_size_phone=\u00bb\u00bb header_font_size_last_edited=\u00bbon|phone\u00bb global_colors_info=\u00bb{}\u00bb]<\/p>\n<h3>LOCALIZACI\u00d3N<\/h3>\n<p>[\/et_pb_text][et_pb_divider color=\u00bb#1E2793&#8243; _builder_version=\u00bb4.16&#8243; _module_preset=\u00bbdefault\u00bb z_index=\u00bb2&#8243; custom_margin=\u00bb-47px||||false|false\u00bb global_colors_info=\u00bb{}\u00bb][\/et_pb_divider][\/et_pb_column][\/et_pb_row][et_pb_row _builder_version=\u00bb4.16&#8243; _module_preset=\u00bbdefault\u00bb custom_padding=\u00bb||109px|||\u00bb global_colors_info=\u00bb{}\u00bb][et_pb_column type=\u00bb4_4&#8243; _builder_version=\u00bb4.16&#8243; _module_preset=\u00bbdefault\u00bb global_colors_info=\u00bb{}\u00bb][et_pb_code _builder_version=\u00bb4.16&#8243; _module_preset=\u00bbdefault\u00bb locked=\u00bboff\u00bb global_colors_info=\u00bb{}\u00bb]<iframe loading=\"lazy\" src=\"https:\/\/www.google.com\/maps\/d\/embed?mid=1ghyumpWKQJ4bZwh-8GDBqZs_3EX7ROI&#038;ehbc=2E312F&#038;noprof=1\" width=\"1200\" height=\"600\"><\/iframe><!-- [et_pb_line_break_holder] -->[\/et_pb_code][\/et_pb_column][\/et_pb_row][\/et_pb_section]<\/p>\n","protected":false},"excerpt":{"rendered":"<p>APEC | Catalonia Space LabsCatalonia Space LabsCatalonia Space Labs pone a disposici\u00f3n del p\u00fablico una serie de equipamientos del sector espacial de Catalunya para facilitar su visibilidad dentro del ecosistema local.El acceso a equipamiento para la realizaci\u00f3n de pruebas y el desarrollo de componentes es una necesidad esencial dentro del sector espacial.\u00a0 Catalonia Space Labs [&hellip;]<\/p>\n","protected":false},"author":8,"featured_media":26069,"parent":11360,"menu_order":1,"comment_status":"closed","ping_status":"closed","template":"","meta":{"_et_pb_use_builder":"on","_et_pb_old_content":"","_et_gb_content_width":"","footnotes":""},"class_list":["post-24041","page","type-page","status-publish","has-post-thumbnail","hentry"],"yoast_head":"<!-- This site is optimized with the Yoast SEO plugin v27.5 - https:\/\/yoast.com\/product\/yoast-seo-wordpress\/ -->\n<title>Catalonia Space Labs - IEEC<\/title>\n<meta name=\"robots\" content=\"index, follow, max-snippet:-1, max-image-preview:large, max-video-preview:-1\" \/>\n<link rel=\"canonical\" href=\"https:\/\/www.ieec.cat\/es\/apec\/catalonia-space-labs\/\" \/>\n<meta property=\"og:locale\" content=\"es_ES\" \/>\n<meta property=\"og:type\" content=\"article\" \/>\n<meta property=\"og:title\" content=\"Catalonia Space Labs - IEEC\" \/>\n<meta property=\"og:description\" content=\"APEC | Catalonia Space LabsCatalonia Space LabsCatalonia Space Labs pone a disposici\u00f3n del p\u00fablico una serie de equipamientos del sector espacial de Catalunya para facilitar su visibilidad dentro del ecosistema local.El acceso a equipamiento para la realizaci\u00f3n de pruebas y el desarrollo de componentes es una necesidad esencial dentro del sector espacial.\u00a0 Catalonia Space Labs [&hellip;]\" \/>\n<meta property=\"og:url\" content=\"https:\/\/www.ieec.cat\/es\/apec\/catalonia-space-labs\/\" \/>\n<meta property=\"og:site_name\" content=\"IEEC\" \/>\n<meta property=\"article:modified_time\" content=\"2026-01-09T10:24:32+00:00\" \/>\n<meta property=\"og:image\" content=\"https:\/\/www.ieec.cat\/wp-content\/uploads\/2024\/01\/featured-image-logo-ieec-2024.png\" \/>\n\t<meta property=\"og:image:width\" content=\"600\" \/>\n\t<meta property=\"og:image:height\" content=\"500\" \/>\n\t<meta property=\"og:image:type\" content=\"image\/png\" \/>\n<meta name=\"twitter:card\" content=\"summary_large_image\" \/>\n<meta name=\"twitter:label1\" content=\"Tiempo de lectura\" \/>\n\t<meta name=\"twitter:data1\" content=\"3 minutos\" \/>\n<script type=\"application\/ld+json\" class=\"yoast-schema-graph\">{\"@context\":\"https:\\\/\\\/schema.org\",\"@graph\":[{\"@type\":\"WebPage\",\"@id\":\"https:\\\/\\\/www.ieec.cat\\\/es\\\/apec\\\/catalonia-space-labs\\\/\",\"url\":\"https:\\\/\\\/www.ieec.cat\\\/es\\\/apec\\\/catalonia-space-labs\\\/\",\"name\":\"Catalonia Space Labs - IEEC\",\"isPartOf\":{\"@id\":\"https:\\\/\\\/www.ieec.cat\\\/es\\\/#website\"},\"primaryImageOfPage\":{\"@id\":\"https:\\\/\\\/www.ieec.cat\\\/es\\\/apec\\\/catalonia-space-labs\\\/#primaryimage\"},\"image\":{\"@id\":\"https:\\\/\\\/www.ieec.cat\\\/es\\\/apec\\\/catalonia-space-labs\\\/#primaryimage\"},\"thumbnailUrl\":\"https:\\\/\\\/www.ieec.cat\\\/wp-content\\\/uploads\\\/2024\\\/01\\\/featured-image-logo-ieec-2024.png\",\"datePublished\":\"2023-11-05T21:18:08+00:00\",\"dateModified\":\"2026-01-09T10:24:32+00:00\",\"breadcrumb\":{\"@id\":\"https:\\\/\\\/www.ieec.cat\\\/es\\\/apec\\\/catalonia-space-labs\\\/#breadcrumb\"},\"inLanguage\":\"es\",\"potentialAction\":[{\"@type\":\"ReadAction\",\"target\":[\"https:\\\/\\\/www.ieec.cat\\\/es\\\/apec\\\/catalonia-space-labs\\\/\"]}]},{\"@type\":\"ImageObject\",\"inLanguage\":\"es\",\"@id\":\"https:\\\/\\\/www.ieec.cat\\\/es\\\/apec\\\/catalonia-space-labs\\\/#primaryimage\",\"url\":\"https:\\\/\\\/www.ieec.cat\\\/wp-content\\\/uploads\\\/2024\\\/01\\\/featured-image-logo-ieec-2024.png\",\"contentUrl\":\"https:\\\/\\\/www.ieec.cat\\\/wp-content\\\/uploads\\\/2024\\\/01\\\/featured-image-logo-ieec-2024.png\",\"width\":600,\"height\":500},{\"@type\":\"BreadcrumbList\",\"@id\":\"https:\\\/\\\/www.ieec.cat\\\/es\\\/apec\\\/catalonia-space-labs\\\/#breadcrumb\",\"itemListElement\":[{\"@type\":\"ListItem\",\"position\":1,\"name\":\"Portada\",\"item\":\"https:\\\/\\\/www.ieec.cat\\\/es\\\/\"},{\"@type\":\"ListItem\",\"position\":2,\"name\":\"APEC\",\"item\":\"https:\\\/\\\/www.ieec.cat\\\/es\\\/apec\\\/\"},{\"@type\":\"ListItem\",\"position\":3,\"name\":\"Catalonia Space Labs\"}]},{\"@type\":\"WebSite\",\"@id\":\"https:\\\/\\\/www.ieec.cat\\\/es\\\/#website\",\"url\":\"https:\\\/\\\/www.ieec.cat\\\/es\\\/\",\"name\":\"IEEC\",\"description\":\"Institut d&#039;Estudis Espacials de Catalunya\",\"potentialAction\":[{\"@type\":\"SearchAction\",\"target\":{\"@type\":\"EntryPoint\",\"urlTemplate\":\"https:\\\/\\\/www.ieec.cat\\\/es\\\/?s={search_term_string}\"},\"query-input\":{\"@type\":\"PropertyValueSpecification\",\"valueRequired\":true,\"valueName\":\"search_term_string\"}}],\"inLanguage\":\"es\"}]}<\/script>\n<!-- \/ Yoast SEO plugin. -->","yoast_head_json":{"title":"Catalonia Space Labs - IEEC","robots":{"index":"index","follow":"follow","max-snippet":"max-snippet:-1","max-image-preview":"max-image-preview:large","max-video-preview":"max-video-preview:-1"},"canonical":"https:\/\/www.ieec.cat\/es\/apec\/catalonia-space-labs\/","og_locale":"es_ES","og_type":"article","og_title":"Catalonia Space Labs - IEEC","og_description":"APEC | Catalonia Space LabsCatalonia Space LabsCatalonia Space Labs pone a disposici\u00f3n del p\u00fablico una serie de equipamientos del sector espacial de Catalunya para facilitar su visibilidad dentro del ecosistema local.El acceso a equipamiento para la realizaci\u00f3n de pruebas y el desarrollo de componentes es una necesidad esencial dentro del sector espacial.\u00a0 Catalonia Space Labs [&hellip;]","og_url":"https:\/\/www.ieec.cat\/es\/apec\/catalonia-space-labs\/","og_site_name":"IEEC","article_modified_time":"2026-01-09T10:24:32+00:00","og_image":[{"width":600,"height":500,"url":"https:\/\/www.ieec.cat\/wp-content\/uploads\/2024\/01\/featured-image-logo-ieec-2024.png","type":"image\/png"}],"twitter_card":"summary_large_image","twitter_misc":{"Tiempo de lectura":"3 minutos"},"schema":{"@context":"https:\/\/schema.org","@graph":[{"@type":"WebPage","@id":"https:\/\/www.ieec.cat\/es\/apec\/catalonia-space-labs\/","url":"https:\/\/www.ieec.cat\/es\/apec\/catalonia-space-labs\/","name":"Catalonia Space Labs - IEEC","isPartOf":{"@id":"https:\/\/www.ieec.cat\/es\/#website"},"primaryImageOfPage":{"@id":"https:\/\/www.ieec.cat\/es\/apec\/catalonia-space-labs\/#primaryimage"},"image":{"@id":"https:\/\/www.ieec.cat\/es\/apec\/catalonia-space-labs\/#primaryimage"},"thumbnailUrl":"https:\/\/www.ieec.cat\/wp-content\/uploads\/2024\/01\/featured-image-logo-ieec-2024.png","datePublished":"2023-11-05T21:18:08+00:00","dateModified":"2026-01-09T10:24:32+00:00","breadcrumb":{"@id":"https:\/\/www.ieec.cat\/es\/apec\/catalonia-space-labs\/#breadcrumb"},"inLanguage":"es","potentialAction":[{"@type":"ReadAction","target":["https:\/\/www.ieec.cat\/es\/apec\/catalonia-space-labs\/"]}]},{"@type":"ImageObject","inLanguage":"es","@id":"https:\/\/www.ieec.cat\/es\/apec\/catalonia-space-labs\/#primaryimage","url":"https:\/\/www.ieec.cat\/wp-content\/uploads\/2024\/01\/featured-image-logo-ieec-2024.png","contentUrl":"https:\/\/www.ieec.cat\/wp-content\/uploads\/2024\/01\/featured-image-logo-ieec-2024.png","width":600,"height":500},{"@type":"BreadcrumbList","@id":"https:\/\/www.ieec.cat\/es\/apec\/catalonia-space-labs\/#breadcrumb","itemListElement":[{"@type":"ListItem","position":1,"name":"Portada","item":"https:\/\/www.ieec.cat\/es\/"},{"@type":"ListItem","position":2,"name":"APEC","item":"https:\/\/www.ieec.cat\/es\/apec\/"},{"@type":"ListItem","position":3,"name":"Catalonia Space Labs"}]},{"@type":"WebSite","@id":"https:\/\/www.ieec.cat\/es\/#website","url":"https:\/\/www.ieec.cat\/es\/","name":"IEEC","description":"Institut d&#039;Estudis Espacials de Catalunya","potentialAction":[{"@type":"SearchAction","target":{"@type":"EntryPoint","urlTemplate":"https:\/\/www.ieec.cat\/es\/?s={search_term_string}"},"query-input":{"@type":"PropertyValueSpecification","valueRequired":true,"valueName":"search_term_string"}}],"inLanguage":"es"}]}},"_links":{"self":[{"href":"https:\/\/www.ieec.cat\/es\/wp-json\/wp\/v2\/pages\/24041","targetHints":{"allow":["GET"]}}],"collection":[{"href":"https:\/\/www.ieec.cat\/es\/wp-json\/wp\/v2\/pages"}],"about":[{"href":"https:\/\/www.ieec.cat\/es\/wp-json\/wp\/v2\/types\/page"}],"author":[{"embeddable":true,"href":"https:\/\/www.ieec.cat\/es\/wp-json\/wp\/v2\/users\/8"}],"replies":[{"embeddable":true,"href":"https:\/\/www.ieec.cat\/es\/wp-json\/wp\/v2\/comments?post=24041"}],"version-history":[{"count":0,"href":"https:\/\/www.ieec.cat\/es\/wp-json\/wp\/v2\/pages\/24041\/revisions"}],"up":[{"embeddable":true,"href":"https:\/\/www.ieec.cat\/es\/wp-json\/wp\/v2\/pages\/11360"}],"wp:featuredmedia":[{"embeddable":true,"href":"https:\/\/www.ieec.cat\/es\/wp-json\/wp\/v2\/media\/26069"}],"wp:attachment":[{"href":"https:\/\/www.ieec.cat\/es\/wp-json\/wp\/v2\/media?parent=24041"}],"curies":[{"name":"wp","href":"https:\/\/api.w.org\/{rel}","templated":true}]}}