{"id":2775,"date":"2022-11-22T16:58:55","date_gmt":"2022-11-22T15:58:55","guid":{"rendered":"https:\/\/www.ieec.cat\/ieec\/ofertas-de-trabajo\/"},"modified":"2024-02-08T12:23:46","modified_gmt":"2024-02-08T11:23:46","slug":"ofertas-de-trabajo","status":"publish","type":"page","link":"https:\/\/www.ieec.cat\/es\/ieec\/ofertas-de-trabajo\/","title":{"rendered":"Ofertas de trabajo"},"content":{"rendered":"<p>[et_pb_section fb_built=\u00bb1&#8243; _builder_version=\u00bb4.14.8&#8243; _module_preset=\u00bbdefault\u00bb background_image=\u00bbhttps:\/\/www.ieec.cat\/wp-content\/uploads\/2022\/04\/slider-corpo2.jpg\u00bb min_height=\u00bb338px\u00bb custom_padding=\u00bb||0px||false|false\u00bb da_disable_devices=\u00bboff|off|off\u00bb global_colors_info=\u00bb{}\u00bb da_is_popup=\u00bboff\u00bb da_exit_intent=\u00bboff\u00bb da_has_close=\u00bbon\u00bb da_alt_close=\u00bboff\u00bb da_dark_close=\u00bboff\u00bb da_not_modal=\u00bbon\u00bb da_is_singular=\u00bboff\u00bb da_with_loader=\u00bboff\u00bb da_has_shadow=\u00bbon\u00bb][et_pb_row custom_padding_last_edited=\u00bbon|phone\u00bb _builder_version=\u00bb4.14.8&#8243; _module_preset=\u00bbdefault\u00bb background_color=\u00bbRGBA(255,255,255,0)\u00bb module_alignment=\u00bbcenter\u00bb custom_margin=\u00bb20px||0px||false|false\u00bb custom_padding=\u00bb10px||4px|0px|false|false\u00bb custom_padding_tablet=\u00bb||0px||false|false\u00bb custom_padding_phone=\u00bb||0px||false|false\u00bb global_colors_info=\u00bb{}\u00bb][et_pb_column type=\u00bb4_4&#8243; _builder_version=\u00bb4.14.8&#8243; _module_preset=\u00bbdefault\u00bb global_colors_info=\u00bb{}\u00bb][et_pb_text _builder_version=\u00bb4.14.8&#8243; _module_preset=\u00bbdefault\u00bb text_text_color=\u00bb#FFFFFF\u00bb link_font=\u00bb||||on||||\u00bb link_text_color=\u00bb#FFFFFF\u00bb header_font=\u00bbSource Sans Pro|600|||||||\u00bb header_text_color=\u00bb#FFFFFF\u00bb header_font_size=\u00bb25px\u00bb header_2_font=\u00bbCairo|800|||||||\u00bb header_2_text_color=\u00bb#FFFFFF\u00bb header_2_font_size=\u00bb44px\u00bb custom_margin=\u00bb|0px|0px||false|false\u00bb custom_padding=\u00bb|0px|||false|false\u00bb header_2_font_size_tablet=\u00bb36px\u00bb header_2_font_size_phone=\u00bb30px\u00bb header_2_font_size_last_edited=\u00bbon|phone\u00bb global_colors_info=\u00bb{}\u00bb]<\/p>\n<p><a href=\"https:\/\/www.ieec.cat\/es\/ieec\/\">IEEC<\/a> |\u00a0<strong>Ofertas de trabajo<\/strong><\/p>\n<p>[\/et_pb_text][\/et_pb_column][\/et_pb_row][et_pb_row custom_padding_last_edited=\u00bbon|phone\u00bb _builder_version=\u00bb4.14.8&#8243; _module_preset=\u00bbdefault\u00bb background_color=\u00bbrgba(255,255,255,0.38)\u00bb module_alignment=\u00bbcenter\u00bb custom_margin=\u00bb20px||0px||false|false\u00bb custom_padding=\u00bb10px||4px|40px|false|false\u00bb custom_padding_tablet=\u00bb||0px||false|false\u00bb custom_padding_phone=\u00bb||0px||false|false\u00bb global_colors_info=\u00bb{}\u00bb][et_pb_column type=\u00bb4_4&#8243; _builder_version=\u00bb4.14.8&#8243; _module_preset=\u00bbdefault\u00bb global_colors_info=\u00bb{}\u00bb][et_pb_text _builder_version=\u00bb4.14.8&#8243; _module_preset=\u00bbdefault\u00bb header_font=\u00bbCairo|700|||||||\u00bb header_text_color=\u00bb#FFFFFF\u00bb header_font_size=\u00bb25px\u00bb header_2_font=\u00bbCairo|800|||||||\u00bb header_2_text_color=\u00bb#FFFFFF\u00bb header_2_font_size=\u00bb44px\u00bb custom_margin=\u00bb|0px|0px||false|false\u00bb custom_padding=\u00bb|0px|||false|false\u00bb header_2_font_size_tablet=\u00bb36px\u00bb header_2_font_size_phone=\u00bb30px\u00bb header_2_font_size_last_edited=\u00bbon|phone\u00bb global_colors_info=\u00bb{}\u00bb]<\/p>\n<h1>Ofertas de trabajo<\/h1>\n<p>[\/et_pb_text][\/et_pb_column][\/et_pb_row][et_pb_row _builder_version=\u00bb4.14.8&#8243; _module_preset=\u00bbdefault\u00bb background_color=\u00bbRGBA(255,255,255,0)\u00bb global_colors_info=\u00bb{}\u00bb][et_pb_column type=\u00bb4_4&#8243; _builder_version=\u00bb4.14.8&#8243; _module_preset=\u00bbdefault\u00bb global_colors_info=\u00bb{}\u00bb][et_pb_text _builder_version=\u00bb4.14.8&#8243; _module_preset=\u00bbdefault\u00bb text_font=\u00bb|600|||||||\u00bb text_text_color=\u00bb#FFFFFF\u00bb text_font_size=\u00bb23px\u00bb text_line_height=\u00bb1.1em\u00bb custom_padding=\u00bb|||40px|false|false\u00bb custom_padding_tablet=\u00bb|||0px|false|false\u00bb custom_padding_phone=\u00bb|||0px|false|false\u00bb custom_padding_last_edited=\u00bbon|tablet\u00bb hover_enabled=\u00bb0&#8243; text_font_size_tablet=\u00bb21px\u00bb text_font_size_phone=\u00bb20px\u00bb text_font_size_last_edited=\u00bbon|phone\u00bb global_colors_info=\u00bb{}\u00bb sticky_enabled=\u00bb0&#8243;]<\/p>\n<p><em>El IEEC promueve el desarrollo de una carrera profesional en el \u00e1mbito de todas las \u00e1reas del conocimiento y tecnolog\u00edas aplicadas al sector espacial y a las ciencias del espacio. Consulta a continuaci\u00f3n las convocatorias laborales abiertas en la actualidad, as\u00ed como las condiciones, plazos y material necesario para la presentaci\u00f3n de solicitudes, entre otros. \u00a1<\/em><em>\u00danete a nuestro equipo!<\/em><\/p>\n<p>[\/et_pb_text][\/et_pb_column][\/et_pb_row][\/et_pb_section][et_pb_section fb_built=\u00bb1&#8243; _builder_version=\u00bb4.14.8&#8243; _module_preset=\u00bbdefault\u00bb da_disable_devices=\u00bboff|off|off\u00bb global_colors_info=\u00bb{}\u00bb da_is_popup=\u00bboff\u00bb da_exit_intent=\u00bboff\u00bb da_has_close=\u00bbon\u00bb da_alt_close=\u00bboff\u00bb da_dark_close=\u00bboff\u00bb da_not_modal=\u00bbon\u00bb da_is_singular=\u00bboff\u00bb da_with_loader=\u00bboff\u00bb da_has_shadow=\u00bbon\u00bb][et_pb_row _builder_version=\u00bb4.14.8&#8243; _module_preset=\u00bbdefault\u00bb global_colors_info=\u00bb{}\u00bb][et_pb_column type=\u00bb4_4&#8243; _builder_version=\u00bb4.14.8&#8243; _module_preset=\u00bbdefault\u00bb global_colors_info=\u00bb{}\u00bb][et_pb_code _builder_version=\u00bb4.14.8&#8243; _module_preset=\u00bbdefault\u00bb global_colors_info=\u00bb{}\u00bb]<div class=\"offers-module\">\n\t<div class=\"search-container\">\n\t\t<form class=\"searchForm\">\n\t\t\t<input name=\"lang\" type=\"hidden\" value=\"es_ES\">\n\t\t\t<input name=\"lcaseLang\" type=\"hidden\" value=\"es\">\n\t\t\t<div class=\"inputs\">\n\t\t\t\t<div class=\"input-group area\">\n\t\t\t\t\t<label>\u00c1rea de trabajo<\/label>\n\t\t\t\t\t<select name=\"area_id\" class=\"select2\">\n\t\t\t\t\t\t<option value=\"\">Todos<\/option>\n\t\t\t\t\t\t\t\t\t\t\t\t\t<option value=\"2\">Administraci\u00f3n<\/option>\n\t\t\t\t\t\t\t\t\t\t\t\t\t<option value=\"3\">Ingenier\u00eda<\/option>\n\t\t\t\t\t\t\t\t\t\t\t\t\t<option value=\"4\">Cient\u00edfica<\/option>\n\t\t\t\t\t\t\t\t\t\t\t\t\t<option value=\"5\">Apoyo<\/option>\n\t\t\t\t\t\t\t\t\t\t\t\t\t<option value=\"6\">T\u00e9cnica<\/option>\n\t\t\t\t\t\t\t\t\t\t\t\t\t<option value=\"7\">Sin especificar<\/option>\n\t\t\t\t\t\t\t\t\t\t\t<\/select>\n\t\t\t\t<\/div>\n\t\t\t\t<div class=\"input-group search\">\n\t\t\t\t\t<label>Palabra clave<\/label>\n\t\t\t\t\t<input type=\"text\" name=\"search\">\n\t\t\t\t<\/div>\n\t\t\t\t<div class=\"input-group status\">\n\t\t\t\t\t<label>Estado<\/label>\n\t\t\t\t\t<select name=\"status\" class=\"select2\">\n\t\t\t\t\t\t<option value=\"\">Todos<\/option>\n\t\t\t\t\t\t<option value=\"open\">Abierto<\/option>\n\t\t\t\t\t\t<option value=\"closed\">Cerrado<\/option>\n\t\t\t\t\t<\/select>\n\t\t\t\t<\/div>\n\t\t\t\t<a href=\"javascript:;\" class=\"submit button orange\">Buscar<\/a>\n\t\t\t<\/div>\n\t\t<\/form>\n\t<\/div>\n\t<div class=\"offers\">\n\n\t<\/div>\n\t<div class=\"paginator\">\n\t\t<span>P\u00e1gina<\/span>\n\t\t<a href=\"javascript:;\" class=\"paginator-arrow prev\"><\/a>\n\t\t<span class=\"current-page\"><\/span>\n\t\t<a href=\"javascript:;\" class=\"paginator-arrow next\"><\/a>\n\t\t<span>de<\/span>\n\t\t<span class=\"total-pages\"><\/span>\n\t<\/div>\n<\/div>\n[\/et_pb_code][\/et_pb_column][\/et_pb_row][\/et_pb_section]<\/p>\n","protected":false},"excerpt":{"rendered":"<p>El IEEC promueve el desarrollo de una carrera profesional en el \u00e1mbito de todas las \u00e1reas del conocimiento y tecnolog\u00edas aplicadas al sector espacial y a las ciencias del espacio. <\/p>\n","protected":false},"author":1,"featured_media":26069,"parent":2763,"menu_order":4,"comment_status":"closed","ping_status":"closed","template":"","meta":{"_et_pb_use_builder":"on","_et_pb_old_content":"","_et_gb_content_width":"","footnotes":""},"class_list":["post-2775","page","type-page","status-publish","has-post-thumbnail","hentry"],"yoast_head":"<!-- This site is optimized with the Yoast SEO plugin v27.4 - https:\/\/yoast.com\/product\/yoast-seo-wordpress\/ -->\n<title>Ofertas de trabajo - IEEC<\/title>\n<meta name=\"description\" content=\"El IEEC promueve el desarrollo de una carrera profesional en el \u00e1mbito de todas las \u00e1reas del conocimiento y tecnolog\u00edas aplicadas al sector espacial y a las ciencias del espacio.\" \/>\n<meta name=\"robots\" content=\"index, follow, max-snippet:-1, max-image-preview:large, max-video-preview:-1\" \/>\n<link rel=\"canonical\" href=\"https:\/\/www.ieec.cat\/es\/ieec\/ofertas-de-trabajo\/\" \/>\n<meta property=\"og:locale\" content=\"es_ES\" \/>\n<meta property=\"og:type\" content=\"article\" \/>\n<meta property=\"og:title\" content=\"Ofertas de trabajo - IEEC\" \/>\n<meta property=\"og:description\" content=\"El IEEC promueve el desarrollo de una carrera profesional en el \u00e1mbito de todas las \u00e1reas del conocimiento y tecnolog\u00edas aplicadas al sector espacial y a las ciencias del espacio.\" \/>\n<meta property=\"og:url\" content=\"https:\/\/www.ieec.cat\/es\/ieec\/ofertas-de-trabajo\/\" \/>\n<meta property=\"og:site_name\" content=\"IEEC\" \/>\n<meta property=\"article:modified_time\" content=\"2024-02-08T11:23:46+00:00\" \/>\n<meta property=\"og:image\" content=\"https:\/\/www.ieec.cat\/wp-content\/uploads\/2024\/01\/featured-image-logo-ieec-2024.png\" \/>\n\t<meta property=\"og:image:width\" content=\"600\" \/>\n\t<meta property=\"og:image:height\" content=\"500\" \/>\n\t<meta property=\"og:image:type\" content=\"image\/png\" \/>\n<meta name=\"twitter:card\" content=\"summary_large_image\" \/>\n<meta name=\"twitter:label1\" content=\"Tiempo de lectura\" \/>\n\t<meta name=\"twitter:data1\" content=\"1 minuto\" \/>\n<script type=\"application\/ld+json\" class=\"yoast-schema-graph\">{\"@context\":\"https:\\\/\\\/schema.org\",\"@graph\":[{\"@type\":\"WebPage\",\"@id\":\"https:\\\/\\\/www.ieec.cat\\\/es\\\/ieec\\\/ofertas-de-trabajo\\\/\",\"url\":\"https:\\\/\\\/www.ieec.cat\\\/es\\\/ieec\\\/ofertas-de-trabajo\\\/\",\"name\":\"Ofertas de trabajo - IEEC\",\"isPartOf\":{\"@id\":\"https:\\\/\\\/www.ieec.cat\\\/es\\\/#website\"},\"primaryImageOfPage\":{\"@id\":\"https:\\\/\\\/www.ieec.cat\\\/es\\\/ieec\\\/ofertas-de-trabajo\\\/#primaryimage\"},\"image\":{\"@id\":\"https:\\\/\\\/www.ieec.cat\\\/es\\\/ieec\\\/ofertas-de-trabajo\\\/#primaryimage\"},\"thumbnailUrl\":\"https:\\\/\\\/www.ieec.cat\\\/wp-content\\\/uploads\\\/2024\\\/01\\\/featured-image-logo-ieec-2024.png\",\"datePublished\":\"2022-11-22T15:58:55+00:00\",\"dateModified\":\"2024-02-08T11:23:46+00:00\",\"description\":\"El IEEC promueve el desarrollo de una carrera profesional en el \u00e1mbito de todas las \u00e1reas del conocimiento y tecnolog\u00edas aplicadas al sector espacial y a las ciencias del espacio.\",\"breadcrumb\":{\"@id\":\"https:\\\/\\\/www.ieec.cat\\\/es\\\/ieec\\\/ofertas-de-trabajo\\\/#breadcrumb\"},\"inLanguage\":\"es\",\"potentialAction\":[{\"@type\":\"ReadAction\",\"target\":[\"https:\\\/\\\/www.ieec.cat\\\/es\\\/ieec\\\/ofertas-de-trabajo\\\/\"]}]},{\"@type\":\"ImageObject\",\"inLanguage\":\"es\",\"@id\":\"https:\\\/\\\/www.ieec.cat\\\/es\\\/ieec\\\/ofertas-de-trabajo\\\/#primaryimage\",\"url\":\"https:\\\/\\\/www.ieec.cat\\\/wp-content\\\/uploads\\\/2024\\\/01\\\/featured-image-logo-ieec-2024.png\",\"contentUrl\":\"https:\\\/\\\/www.ieec.cat\\\/wp-content\\\/uploads\\\/2024\\\/01\\\/featured-image-logo-ieec-2024.png\",\"width\":600,\"height\":500},{\"@type\":\"BreadcrumbList\",\"@id\":\"https:\\\/\\\/www.ieec.cat\\\/es\\\/ieec\\\/ofertas-de-trabajo\\\/#breadcrumb\",\"itemListElement\":[{\"@type\":\"ListItem\",\"position\":1,\"name\":\"Portada\",\"item\":\"https:\\\/\\\/www.ieec.cat\\\/es\\\/\"},{\"@type\":\"ListItem\",\"position\":2,\"name\":\"IEEC\",\"item\":\"https:\\\/\\\/www.ieec.cat\\\/es\\\/ieec\\\/\"},{\"@type\":\"ListItem\",\"position\":3,\"name\":\"Ofertas de trabajo\"}]},{\"@type\":\"WebSite\",\"@id\":\"https:\\\/\\\/www.ieec.cat\\\/es\\\/#website\",\"url\":\"https:\\\/\\\/www.ieec.cat\\\/es\\\/\",\"name\":\"IEEC\",\"description\":\"Institut d&#039;Estudis Espacials de Catalunya\",\"potentialAction\":[{\"@type\":\"SearchAction\",\"target\":{\"@type\":\"EntryPoint\",\"urlTemplate\":\"https:\\\/\\\/www.ieec.cat\\\/es\\\/?s={search_term_string}\"},\"query-input\":{\"@type\":\"PropertyValueSpecification\",\"valueRequired\":true,\"valueName\":\"search_term_string\"}}],\"inLanguage\":\"es\"}]}<\/script>\n<!-- \/ Yoast SEO plugin. -->","yoast_head_json":{"title":"Ofertas de trabajo - IEEC","description":"El IEEC promueve el desarrollo de una carrera profesional en el \u00e1mbito de todas las \u00e1reas del conocimiento y tecnolog\u00edas aplicadas al sector espacial y a las ciencias del espacio.","robots":{"index":"index","follow":"follow","max-snippet":"max-snippet:-1","max-image-preview":"max-image-preview:large","max-video-preview":"max-video-preview:-1"},"canonical":"https:\/\/www.ieec.cat\/es\/ieec\/ofertas-de-trabajo\/","og_locale":"es_ES","og_type":"article","og_title":"Ofertas de trabajo - IEEC","og_description":"El IEEC promueve el desarrollo de una carrera profesional en el \u00e1mbito de todas las \u00e1reas del conocimiento y tecnolog\u00edas aplicadas al sector espacial y a las ciencias del espacio.","og_url":"https:\/\/www.ieec.cat\/es\/ieec\/ofertas-de-trabajo\/","og_site_name":"IEEC","article_modified_time":"2024-02-08T11:23:46+00:00","og_image":[{"width":600,"height":500,"url":"https:\/\/www.ieec.cat\/wp-content\/uploads\/2024\/01\/featured-image-logo-ieec-2024.png","type":"image\/png"}],"twitter_card":"summary_large_image","twitter_misc":{"Tiempo de lectura":"1 minuto"},"schema":{"@context":"https:\/\/schema.org","@graph":[{"@type":"WebPage","@id":"https:\/\/www.ieec.cat\/es\/ieec\/ofertas-de-trabajo\/","url":"https:\/\/www.ieec.cat\/es\/ieec\/ofertas-de-trabajo\/","name":"Ofertas de trabajo - IEEC","isPartOf":{"@id":"https:\/\/www.ieec.cat\/es\/#website"},"primaryImageOfPage":{"@id":"https:\/\/www.ieec.cat\/es\/ieec\/ofertas-de-trabajo\/#primaryimage"},"image":{"@id":"https:\/\/www.ieec.cat\/es\/ieec\/ofertas-de-trabajo\/#primaryimage"},"thumbnailUrl":"https:\/\/www.ieec.cat\/wp-content\/uploads\/2024\/01\/featured-image-logo-ieec-2024.png","datePublished":"2022-11-22T15:58:55+00:00","dateModified":"2024-02-08T11:23:46+00:00","description":"El IEEC promueve el desarrollo de una carrera profesional en el \u00e1mbito de todas las \u00e1reas del conocimiento y tecnolog\u00edas aplicadas al sector espacial y a las ciencias del espacio.","breadcrumb":{"@id":"https:\/\/www.ieec.cat\/es\/ieec\/ofertas-de-trabajo\/#breadcrumb"},"inLanguage":"es","potentialAction":[{"@type":"ReadAction","target":["https:\/\/www.ieec.cat\/es\/ieec\/ofertas-de-trabajo\/"]}]},{"@type":"ImageObject","inLanguage":"es","@id":"https:\/\/www.ieec.cat\/es\/ieec\/ofertas-de-trabajo\/#primaryimage","url":"https:\/\/www.ieec.cat\/wp-content\/uploads\/2024\/01\/featured-image-logo-ieec-2024.png","contentUrl":"https:\/\/www.ieec.cat\/wp-content\/uploads\/2024\/01\/featured-image-logo-ieec-2024.png","width":600,"height":500},{"@type":"BreadcrumbList","@id":"https:\/\/www.ieec.cat\/es\/ieec\/ofertas-de-trabajo\/#breadcrumb","itemListElement":[{"@type":"ListItem","position":1,"name":"Portada","item":"https:\/\/www.ieec.cat\/es\/"},{"@type":"ListItem","position":2,"name":"IEEC","item":"https:\/\/www.ieec.cat\/es\/ieec\/"},{"@type":"ListItem","position":3,"name":"Ofertas de trabajo"}]},{"@type":"WebSite","@id":"https:\/\/www.ieec.cat\/es\/#website","url":"https:\/\/www.ieec.cat\/es\/","name":"IEEC","description":"Institut d&#039;Estudis Espacials de Catalunya","potentialAction":[{"@type":"SearchAction","target":{"@type":"EntryPoint","urlTemplate":"https:\/\/www.ieec.cat\/es\/?s={search_term_string}"},"query-input":{"@type":"PropertyValueSpecification","valueRequired":true,"valueName":"search_term_string"}}],"inLanguage":"es"}]}},"_links":{"self":[{"href":"https:\/\/www.ieec.cat\/es\/wp-json\/wp\/v2\/pages\/2775","targetHints":{"allow":["GET"]}}],"collection":[{"href":"https:\/\/www.ieec.cat\/es\/wp-json\/wp\/v2\/pages"}],"about":[{"href":"https:\/\/www.ieec.cat\/es\/wp-json\/wp\/v2\/types\/page"}],"author":[{"embeddable":true,"href":"https:\/\/www.ieec.cat\/es\/wp-json\/wp\/v2\/users\/1"}],"replies":[{"embeddable":true,"href":"https:\/\/www.ieec.cat\/es\/wp-json\/wp\/v2\/comments?post=2775"}],"version-history":[{"count":9,"href":"https:\/\/www.ieec.cat\/es\/wp-json\/wp\/v2\/pages\/2775\/revisions"}],"predecessor-version":[{"id":19067,"href":"https:\/\/www.ieec.cat\/es\/wp-json\/wp\/v2\/pages\/2775\/revisions\/19067"}],"up":[{"embeddable":true,"href":"https:\/\/www.ieec.cat\/es\/wp-json\/wp\/v2\/pages\/2763"}],"wp:featuredmedia":[{"embeddable":true,"href":"https:\/\/www.ieec.cat\/es\/wp-json\/wp\/v2\/media\/26069"}],"wp:attachment":[{"href":"https:\/\/www.ieec.cat\/es\/wp-json\/wp\/v2\/media?parent=2775"}],"curies":[{"name":"wp","href":"https:\/\/api.w.org\/{rel}","templated":true}]}}