{"id":2828,"date":"2022-11-22T17:31:35","date_gmt":"2022-11-22T16:31:35","guid":{"rendered":"https:\/\/www.ieec.cat\/investigacion\/publicaciones-cientificas\/"},"modified":"2024-02-08T12:30:25","modified_gmt":"2024-02-08T11:30:25","slug":"publicaciones-cientificas","status":"publish","type":"page","link":"https:\/\/www.ieec.cat\/es\/investigacion\/publicaciones-cientificas\/","title":{"rendered":"Publicaciones cient\u00edficas"},"content":{"rendered":"<p>[et_pb_section fb_built=\u00bb1&#8243; _builder_version=\u00bb4.14.8&#8243; _module_preset=\u00bbdefault\u00bb background_image=\u00bbhttps:\/\/www.ieec.cat\/wp-content\/uploads\/2022\/02\/slider-recerca.jpg\u00bb min_height=\u00bb338px\u00bb custom_padding=\u00bb||0px||false|false\u00bb da_disable_devices=\u00bboff|off|off\u00bb global_colors_info=\u00bb{}\u00bb da_is_popup=\u00bboff\u00bb da_exit_intent=\u00bboff\u00bb da_has_close=\u00bbon\u00bb da_alt_close=\u00bboff\u00bb da_dark_close=\u00bboff\u00bb da_not_modal=\u00bbon\u00bb da_is_singular=\u00bboff\u00bb da_with_loader=\u00bboff\u00bb da_has_shadow=\u00bbon\u00bb][et_pb_row custom_padding_last_edited=\u00bbon|phone\u00bb _builder_version=\u00bb4.14.8&#8243; _module_preset=\u00bbdefault\u00bb background_color=\u00bbRGBA(255,255,255,0)\u00bb module_alignment=\u00bbcenter\u00bb custom_margin=\u00bb20px||0px||false|false\u00bb custom_padding=\u00bb10px||4px|0px|false|false\u00bb custom_padding_tablet=\u00bb||0px||false|false\u00bb custom_padding_phone=\u00bb||0px||false|false\u00bb global_colors_info=\u00bb{}\u00bb][et_pb_column type=\u00bb4_4&#8243; _builder_version=\u00bb4.14.8&#8243; _module_preset=\u00bbdefault\u00bb global_colors_info=\u00bb{}\u00bb][et_pb_text _builder_version=\u00bb4.14.8&#8243; _module_preset=\u00bbdefault\u00bb text_text_color=\u00bb#FFFFFF\u00bb link_font=\u00bb||||on||||\u00bb link_text_color=\u00bb#FFFFFF\u00bb header_font=\u00bbSource Sans Pro|600|||||||\u00bb header_text_color=\u00bb#FFFFFF\u00bb header_font_size=\u00bb25px\u00bb header_2_font=\u00bbCairo|800|||||||\u00bb header_2_text_color=\u00bb#FFFFFF\u00bb header_2_font_size=\u00bb44px\u00bb custom_margin=\u00bb|0px|0px||false|false\u00bb custom_padding=\u00bb|0px|||false|false\u00bb hover_enabled=\u00bb0&#8243; header_2_font_size_tablet=\u00bb36px\u00bb header_2_font_size_phone=\u00bb30px\u00bb header_2_font_size_last_edited=\u00bbon|phone\u00bb global_colors_info=\u00bb{}\u00bb text_font_size=\u00bb16px\u00bb sticky_enabled=\u00bb0&#8243;]<\/p>\n<p><a href=\"https:\/\/www.ieec.cat\/es\/investigacion\/\">Investigaci\u00f3n<\/a> |\u00a0<strong>Publicaciones cient\u00edficas<\/strong><\/p>\n<p>[\/et_pb_text][\/et_pb_column][\/et_pb_row][et_pb_row custom_padding_last_edited=\u00bbon|phone\u00bb _builder_version=\u00bb4.14.8&#8243; _module_preset=\u00bbdefault\u00bb background_color=\u00bbrgba(255,255,255,0.38)\u00bb module_alignment=\u00bbcenter\u00bb custom_margin=\u00bb20px||0px||false|false\u00bb custom_padding=\u00bb10px||4px|40px|false|false\u00bb custom_padding_tablet=\u00bb||0px||false|false\u00bb custom_padding_phone=\u00bb||0px||false|false\u00bb global_colors_info=\u00bb{}\u00bb][et_pb_column type=\u00bb4_4&#8243; _builder_version=\u00bb4.14.8&#8243; _module_preset=\u00bbdefault\u00bb global_colors_info=\u00bb{}\u00bb][et_pb_text _builder_version=\u00bb4.14.8&#8243; _module_preset=\u00bbdefault\u00bb header_font=\u00bbCairo|600|||||||\u00bb header_text_color=\u00bb#FFFFFF\u00bb header_font_size=\u00bb25px\u00bb header_2_font=\u00bbCairo|800|||||||\u00bb header_2_text_color=\u00bb#FFFFFF\u00bb header_2_font_size=\u00bb44px\u00bb custom_margin=\u00bb|0px|0px||false|false\u00bb custom_padding=\u00bb|0px|||false|false\u00bb header_2_font_size_tablet=\u00bb36px\u00bb header_2_font_size_phone=\u00bb30px\u00bb header_2_font_size_last_edited=\u00bbon|phone\u00bb global_colors_info=\u00bb{}\u00bb]<\/p>\n<h1><strong>Publicaciones cient\u00edficas<\/strong><\/h1>\n<p>[\/et_pb_text][\/et_pb_column][\/et_pb_row][et_pb_row _builder_version=\u00bb4.14.8&#8243; _module_preset=\u00bbdefault\u00bb background_color=\u00bbRGBA(255,255,255,0)\u00bb global_colors_info=\u00bb{}\u00bb][et_pb_column type=\u00bb4_4&#8243; _builder_version=\u00bb4.14.8&#8243; _module_preset=\u00bbdefault\u00bb global_colors_info=\u00bb{}\u00bb][et_pb_text _builder_version=\u00bb4.14.8&#8243; _module_preset=\u00bbdefault\u00bb text_font=\u00bb|600|||||||\u00bb text_text_color=\u00bb#FFFFFF\u00bb text_font_size=\u00bb23px\u00bb text_line_height=\u00bb1.1em\u00bb custom_padding=\u00bb|||40px|false|false\u00bb custom_padding_tablet=\u00bb|||0px|false|false\u00bb custom_padding_phone=\u00bb|||0px|false|false\u00bb custom_padding_last_edited=\u00bbon|tablet\u00bb text_font_size_tablet=\u00bb21px\u00bb text_font_size_phone=\u00bb20px\u00bb text_font_size_last_edited=\u00bbon|phone\u00bb global_colors_info=\u00bb{}\u00bb]<\/p>\n<p><em>Consulta los resultados cient\u00edficos publicados por los investigadores del IEEC, que abarcan temas de astrof\u00edsica, cosmolog\u00eda, observaci\u00f3n de la Tierra, navegaci\u00f3n y tecnolog\u00eda espacial.<\/em><\/p>\n<p>[\/et_pb_text][\/et_pb_column][\/et_pb_row][\/et_pb_section][et_pb_section fb_built=\u00bb1&#8243; _builder_version=\u00bb4.14.8&#8243; _module_preset=\u00bbdefault\u00bb da_disable_devices=\u00bboff|off|off\u00bb global_colors_info=\u00bb{}\u00bb da_is_popup=\u00bboff\u00bb da_exit_intent=\u00bboff\u00bb da_has_close=\u00bbon\u00bb da_alt_close=\u00bboff\u00bb da_dark_close=\u00bboff\u00bb da_not_modal=\u00bbon\u00bb da_is_singular=\u00bboff\u00bb da_with_loader=\u00bboff\u00bb da_has_shadow=\u00bbon\u00bb][et_pb_row _builder_version=\u00bb4.14.8&#8243; _module_preset=\u00bbdefault\u00bb global_colors_info=\u00bb{}\u00bb][et_pb_column type=\u00bb4_4&#8243; _builder_version=\u00bb4.14.8&#8243; _module_preset=\u00bbdefault\u00bb global_colors_info=\u00bb{}\u00bb][et_pb_code _builder_version=\u00bb4.14.8&#8243; _module_preset=\u00bbdefault\u00bb global_colors_info=\u00bb{}\u00bb]<div class=\"publications-module\">\r\n\t<div class=\"search-container\">\r\n\t\t<form class=\"searchForm\">\r\n\t\t\t<div class=\"inputs\">\r\n\t\t\t\t<div class=\"input-group search\">\r\n\t\t\t\t\t<label>Buscar por t\u00edtulo, autor o revista<\/label>\r\n\t\t\t\t\t<input type=\"text\" name=\"search\">\r\n\t\t\t\t<\/div>\r\n\t\t\t\t<div class=\"input-group year\">\r\n\t\t\t\t\t<label>A\u00f1o<\/label>\r\n\t\t\t\t\t<select name=\"year\" class=\"select2\">\r\n\t\t\t\t\t\t<option value=\"\">Todos<\/option>\r\n\t\t\t\t\t\t\t\t\t\t\t\t\t<option value=\"2025\">2025<\/option>\r\n\t\t\t\t\t\t\t\t\t\t\t\t\t<option value=\"2024\">2024<\/option>\r\n\t\t\t\t\t\t\t\t\t\t\t\t\t<option value=\"2023\">2023<\/option>\r\n\t\t\t\t\t\t\t\t\t\t\t\t\t<option value=\"2022\">2022<\/option>\r\n\t\t\t\t\t\t\t\t\t\t\t\t\t<option value=\"2021\">2021<\/option>\r\n\t\t\t\t\t\t\t\t\t\t\t<\/select>\r\n\t\t\t\t<\/div>\r\n\t\t\t\t<a href=\"javascript:;\" class=\"submit button orange\">Buscar<\/a>\r\n\t\t\t\t<a href=\"javascript:;\" class=\"clear button blue\">Limpiar<\/a>\r\n\t\t\t<\/div>\r\n\t\t<\/form>\r\n\t<\/div>\r\n\t<div class=\"module-title\">\r\n\t\t<span>\r\n\t\t\tPublicaciones\t\t<\/span>\r\n\t<\/div>\r\n\t<div class=\"publications\">\r\n\r\n\t<\/div>\r\n\t<div class=\"paginator\">\r\n\t\t<span>P\u00e1gina<\/span>\r\n\t\t<a href=\"javascript:;\" class=\"paginator-arrow prev\"><\/a>\r\n\t\t<span class=\"current-page\"><\/span>\r\n\t\t<a href=\"javascript:;\" class=\"paginator-arrow next\"><\/a>\r\n\t\t<span>de<\/span>\r\n\t\t<span class=\"total-pages\"><\/span>\r\n\t<\/div>\r\n<\/div>[\/et_pb_code][\/et_pb_column][\/et_pb_row][\/et_pb_section]<\/p>\n","protected":false},"excerpt":{"rendered":"<p>Investigaci\u00f3n |\u00a0Publicaciones cient\u00edficasPublicaciones cient\u00edficasConsulta los resultados cient\u00edficos publicados por los investigadores del IEEC, que abarcan temas de astrof\u00edsica, cosmolog\u00eda, observaci\u00f3n de la Tierra, navegaci\u00f3n y tecnolog\u00eda espacial.<div class=\"publications-module\">\r\n\t<div class=\"search-container\">\r\n\t\t<form class=\"searchForm\">\r\n\t\t\t<div class=\"inputs\">\r\n\t\t\t\t<div class=\"input-group search\">\r\n\t\t\t\t\t<label>Buscar por t\u00edtulo, autor o revista<\/label>\r\n\t\t\t\t\t<input type=\"text\" name=\"search\">\r\n\t\t\t\t<\/div>\r\n\t\t\t\t<div class=\"input-group year\">\r\n\t\t\t\t\t<label>A\u00f1o<\/label>\r\n\t\t\t\t\t<select name=\"year\" class=\"select2\">\r\n\t\t\t\t\t\t<option value=\"\">Todos<\/option>\r\n\t\t\t\t\t\t\t\t\t\t\t\t\t<option value=\"2025\">2025<\/option>\r\n\t\t\t\t\t\t\t\t\t\t\t\t\t<option value=\"2024\">2024<\/option>\r\n\t\t\t\t\t\t\t\t\t\t\t\t\t<option value=\"2023\">2023<\/option>\r\n\t\t\t\t\t\t\t\t\t\t\t\t\t<option value=\"2022\">2022<\/option>\r\n\t\t\t\t\t\t\t\t\t\t\t\t\t<option value=\"2021\">2021<\/option>\r\n\t\t\t\t\t\t\t\t\t\t\t<\/select>\r\n\t\t\t\t<\/div>\r\n\t\t\t\t<a href=\"javascript:;\" class=\"submit button orange\">Buscar<\/a>\r\n\t\t\t\t<a href=\"javascript:;\" class=\"clear button blue\">Limpiar<\/a>\r\n\t\t\t<\/div>\r\n\t\t<\/form>\r\n\t<\/div>\r\n\t<div class=\"module-title\">\r\n\t\t<span>\r\n\t\t\tPublicaciones\t\t<\/span>\r\n\t<\/div>\r\n\t<div class=\"publications\">\r\n\r\n\t<\/div>\r\n\t<div class=\"paginator\">\r\n\t\t<span>P\u00e1gina<\/span>\r\n\t\t<a href=\"javascript:;\" class=\"paginator-arrow prev\"><\/a>\r\n\t\t<span class=\"current-page\"><\/span>\r\n\t\t<a href=\"javascript:;\" class=\"paginator-arrow next\"><\/a>\r\n\t\t<span>de<\/span>\r\n\t\t<span class=\"total-pages\"><\/span>\r\n\t<\/div>\r\n<\/div><\/p>\n","protected":false},"author":1,"featured_media":26069,"parent":2801,"menu_order":7,"comment_status":"closed","ping_status":"closed","template":"","meta":{"_et_pb_use_builder":"on","_et_pb_old_content":"","_et_gb_content_width":"","footnotes":""},"class_list":["post-2828","page","type-page","status-publish","has-post-thumbnail","hentry"],"yoast_head":"<!-- This site is optimized with the Yoast SEO plugin v27.4 - https:\/\/yoast.com\/product\/yoast-seo-wordpress\/ -->\n<title>Publicaciones cient\u00edficas - IEEC<\/title>\n<meta name=\"robots\" content=\"index, follow, max-snippet:-1, max-image-preview:large, max-video-preview:-1\" \/>\n<link rel=\"canonical\" href=\"https:\/\/www.ieec.cat\/es\/investigacion\/publicaciones-cientificas\/\" \/>\n<meta property=\"og:locale\" content=\"es_ES\" \/>\n<meta property=\"og:type\" content=\"article\" \/>\n<meta property=\"og:title\" content=\"Publicaciones cient\u00edficas - IEEC\" \/>\n<meta property=\"og:description\" content=\"Investigaci\u00f3n |\u00a0Publicaciones cient\u00edficasPublicaciones cient\u00edficasConsulta los resultados cient\u00edficos publicados por los investigadores del IEEC, que abarcan temas de astrof\u00edsica, cosmolog\u00eda, observaci\u00f3n de la Tierra, navegaci\u00f3n y tecnolog\u00eda espacial.\" \/>\n<meta property=\"og:url\" content=\"https:\/\/www.ieec.cat\/es\/investigacion\/publicaciones-cientificas\/\" \/>\n<meta property=\"og:site_name\" content=\"IEEC\" \/>\n<meta property=\"article:modified_time\" content=\"2024-02-08T11:30:25+00:00\" \/>\n<meta property=\"og:image\" content=\"https:\/\/www.ieec.cat\/wp-content\/uploads\/2024\/01\/featured-image-logo-ieec-2024.png\" \/>\n\t<meta property=\"og:image:width\" content=\"600\" \/>\n\t<meta property=\"og:image:height\" content=\"500\" \/>\n\t<meta property=\"og:image:type\" content=\"image\/png\" \/>\n<meta name=\"twitter:card\" content=\"summary_large_image\" \/>\n<meta name=\"twitter:label1\" content=\"Tiempo de lectura\" \/>\n\t<meta name=\"twitter:data1\" content=\"1 minuto\" \/>\n<script type=\"application\/ld+json\" class=\"yoast-schema-graph\">{\"@context\":\"https:\\\/\\\/schema.org\",\"@graph\":[{\"@type\":\"WebPage\",\"@id\":\"https:\\\/\\\/www.ieec.cat\\\/es\\\/investigacion\\\/publicaciones-cientificas\\\/\",\"url\":\"https:\\\/\\\/www.ieec.cat\\\/es\\\/investigacion\\\/publicaciones-cientificas\\\/\",\"name\":\"Publicaciones cient\u00edficas - IEEC\",\"isPartOf\":{\"@id\":\"https:\\\/\\\/www.ieec.cat\\\/es\\\/#website\"},\"primaryImageOfPage\":{\"@id\":\"https:\\\/\\\/www.ieec.cat\\\/es\\\/investigacion\\\/publicaciones-cientificas\\\/#primaryimage\"},\"image\":{\"@id\":\"https:\\\/\\\/www.ieec.cat\\\/es\\\/investigacion\\\/publicaciones-cientificas\\\/#primaryimage\"},\"thumbnailUrl\":\"https:\\\/\\\/www.ieec.cat\\\/wp-content\\\/uploads\\\/2024\\\/01\\\/featured-image-logo-ieec-2024.png\",\"datePublished\":\"2022-11-22T16:31:35+00:00\",\"dateModified\":\"2024-02-08T11:30:25+00:00\",\"breadcrumb\":{\"@id\":\"https:\\\/\\\/www.ieec.cat\\\/es\\\/investigacion\\\/publicaciones-cientificas\\\/#breadcrumb\"},\"inLanguage\":\"es\",\"potentialAction\":[{\"@type\":\"ReadAction\",\"target\":[\"https:\\\/\\\/www.ieec.cat\\\/es\\\/investigacion\\\/publicaciones-cientificas\\\/\"]}]},{\"@type\":\"ImageObject\",\"inLanguage\":\"es\",\"@id\":\"https:\\\/\\\/www.ieec.cat\\\/es\\\/investigacion\\\/publicaciones-cientificas\\\/#primaryimage\",\"url\":\"https:\\\/\\\/www.ieec.cat\\\/wp-content\\\/uploads\\\/2024\\\/01\\\/featured-image-logo-ieec-2024.png\",\"contentUrl\":\"https:\\\/\\\/www.ieec.cat\\\/wp-content\\\/uploads\\\/2024\\\/01\\\/featured-image-logo-ieec-2024.png\",\"width\":600,\"height\":500},{\"@type\":\"BreadcrumbList\",\"@id\":\"https:\\\/\\\/www.ieec.cat\\\/es\\\/investigacion\\\/publicaciones-cientificas\\\/#breadcrumb\",\"itemListElement\":[{\"@type\":\"ListItem\",\"position\":1,\"name\":\"Portada\",\"item\":\"https:\\\/\\\/www.ieec.cat\\\/es\\\/\"},{\"@type\":\"ListItem\",\"position\":2,\"name\":\"Investigaci\u00f3n\",\"item\":\"https:\\\/\\\/www.ieec.cat\\\/es\\\/investigacion\\\/\"},{\"@type\":\"ListItem\",\"position\":3,\"name\":\"Publicaciones cient\u00edficas\"}]},{\"@type\":\"WebSite\",\"@id\":\"https:\\\/\\\/www.ieec.cat\\\/es\\\/#website\",\"url\":\"https:\\\/\\\/www.ieec.cat\\\/es\\\/\",\"name\":\"IEEC\",\"description\":\"Institut d&#039;Estudis Espacials de Catalunya\",\"potentialAction\":[{\"@type\":\"SearchAction\",\"target\":{\"@type\":\"EntryPoint\",\"urlTemplate\":\"https:\\\/\\\/www.ieec.cat\\\/es\\\/?s={search_term_string}\"},\"query-input\":{\"@type\":\"PropertyValueSpecification\",\"valueRequired\":true,\"valueName\":\"search_term_string\"}}],\"inLanguage\":\"es\"}]}<\/script>\n<!-- \/ Yoast SEO plugin. -->","yoast_head_json":{"title":"Publicaciones cient\u00edficas - IEEC","robots":{"index":"index","follow":"follow","max-snippet":"max-snippet:-1","max-image-preview":"max-image-preview:large","max-video-preview":"max-video-preview:-1"},"canonical":"https:\/\/www.ieec.cat\/es\/investigacion\/publicaciones-cientificas\/","og_locale":"es_ES","og_type":"article","og_title":"Publicaciones cient\u00edficas - IEEC","og_description":"Investigaci\u00f3n |\u00a0Publicaciones cient\u00edficasPublicaciones cient\u00edficasConsulta los resultados cient\u00edficos publicados por los investigadores del IEEC, que abarcan temas de astrof\u00edsica, cosmolog\u00eda, observaci\u00f3n de la Tierra, navegaci\u00f3n y tecnolog\u00eda espacial.","og_url":"https:\/\/www.ieec.cat\/es\/investigacion\/publicaciones-cientificas\/","og_site_name":"IEEC","article_modified_time":"2024-02-08T11:30:25+00:00","og_image":[{"width":600,"height":500,"url":"https:\/\/www.ieec.cat\/wp-content\/uploads\/2024\/01\/featured-image-logo-ieec-2024.png","type":"image\/png"}],"twitter_card":"summary_large_image","twitter_misc":{"Tiempo de lectura":"1 minuto"},"schema":{"@context":"https:\/\/schema.org","@graph":[{"@type":"WebPage","@id":"https:\/\/www.ieec.cat\/es\/investigacion\/publicaciones-cientificas\/","url":"https:\/\/www.ieec.cat\/es\/investigacion\/publicaciones-cientificas\/","name":"Publicaciones cient\u00edficas - IEEC","isPartOf":{"@id":"https:\/\/www.ieec.cat\/es\/#website"},"primaryImageOfPage":{"@id":"https:\/\/www.ieec.cat\/es\/investigacion\/publicaciones-cientificas\/#primaryimage"},"image":{"@id":"https:\/\/www.ieec.cat\/es\/investigacion\/publicaciones-cientificas\/#primaryimage"},"thumbnailUrl":"https:\/\/www.ieec.cat\/wp-content\/uploads\/2024\/01\/featured-image-logo-ieec-2024.png","datePublished":"2022-11-22T16:31:35+00:00","dateModified":"2024-02-08T11:30:25+00:00","breadcrumb":{"@id":"https:\/\/www.ieec.cat\/es\/investigacion\/publicaciones-cientificas\/#breadcrumb"},"inLanguage":"es","potentialAction":[{"@type":"ReadAction","target":["https:\/\/www.ieec.cat\/es\/investigacion\/publicaciones-cientificas\/"]}]},{"@type":"ImageObject","inLanguage":"es","@id":"https:\/\/www.ieec.cat\/es\/investigacion\/publicaciones-cientificas\/#primaryimage","url":"https:\/\/www.ieec.cat\/wp-content\/uploads\/2024\/01\/featured-image-logo-ieec-2024.png","contentUrl":"https:\/\/www.ieec.cat\/wp-content\/uploads\/2024\/01\/featured-image-logo-ieec-2024.png","width":600,"height":500},{"@type":"BreadcrumbList","@id":"https:\/\/www.ieec.cat\/es\/investigacion\/publicaciones-cientificas\/#breadcrumb","itemListElement":[{"@type":"ListItem","position":1,"name":"Portada","item":"https:\/\/www.ieec.cat\/es\/"},{"@type":"ListItem","position":2,"name":"Investigaci\u00f3n","item":"https:\/\/www.ieec.cat\/es\/investigacion\/"},{"@type":"ListItem","position":3,"name":"Publicaciones cient\u00edficas"}]},{"@type":"WebSite","@id":"https:\/\/www.ieec.cat\/es\/#website","url":"https:\/\/www.ieec.cat\/es\/","name":"IEEC","description":"Institut d&#039;Estudis Espacials de Catalunya","potentialAction":[{"@type":"SearchAction","target":{"@type":"EntryPoint","urlTemplate":"https:\/\/www.ieec.cat\/es\/?s={search_term_string}"},"query-input":{"@type":"PropertyValueSpecification","valueRequired":true,"valueName":"search_term_string"}}],"inLanguage":"es"}]}},"_links":{"self":[{"href":"https:\/\/www.ieec.cat\/es\/wp-json\/wp\/v2\/pages\/2828","targetHints":{"allow":["GET"]}}],"collection":[{"href":"https:\/\/www.ieec.cat\/es\/wp-json\/wp\/v2\/pages"}],"about":[{"href":"https:\/\/www.ieec.cat\/es\/wp-json\/wp\/v2\/types\/page"}],"author":[{"embeddable":true,"href":"https:\/\/www.ieec.cat\/es\/wp-json\/wp\/v2\/users\/1"}],"replies":[{"embeddable":true,"href":"https:\/\/www.ieec.cat\/es\/wp-json\/wp\/v2\/comments?post=2828"}],"version-history":[{"count":6,"href":"https:\/\/www.ieec.cat\/es\/wp-json\/wp\/v2\/pages\/2828\/revisions"}],"predecessor-version":[{"id":21856,"href":"https:\/\/www.ieec.cat\/es\/wp-json\/wp\/v2\/pages\/2828\/revisions\/21856"}],"up":[{"embeddable":true,"href":"https:\/\/www.ieec.cat\/es\/wp-json\/wp\/v2\/pages\/2801"}],"wp:featuredmedia":[{"embeddable":true,"href":"https:\/\/www.ieec.cat\/es\/wp-json\/wp\/v2\/media\/26069"}],"wp:attachment":[{"href":"https:\/\/www.ieec.cat\/es\/wp-json\/wp\/v2\/media?parent=2828"}],"curies":[{"name":"wp","href":"https:\/\/api.w.org\/{rel}","templated":true}]}}