{"id":37154,"date":"2025-07-02T13:02:28","date_gmt":"2025-07-02T11:02:28","guid":{"rendered":"https:\/\/www.ieec.cat\/newspace\/esa-phi-labnet-spain\/"},"modified":"2025-11-25T11:13:34","modified_gmt":"2025-11-25T10:13:34","slug":"esa-phi-labnet-spain","status":"publish","type":"page","link":"https:\/\/www.ieec.cat\/es\/apec\/esa-phi-labnet-spain\/","title":{"rendered":"ESA Phi-LabNET Spain"},"content":{"rendered":"<p>[et_pb_section fb_built=\u00bb1&#8243; _builder_version=\u00bb4.16&#8243; _module_preset=\u00bbdefault\u00bb background_image=\u00bbhttps:\/\/www.ieec.cat\/wp-content\/uploads\/2022\/12\/newspace-1.webp\u00bb background_position=\u00bbtop_center\u00bb min_height=\u00bb338px\u00bb custom_padding=\u00bb||0px||false|false\u00bb da_disable_devices=\u00bboff|off|off\u00bb global_colors_info=\u00bb{}\u00bb da_is_popup=\u00bboff\u00bb da_exit_intent=\u00bboff\u00bb da_has_close=\u00bbon\u00bb da_alt_close=\u00bboff\u00bb da_dark_close=\u00bboff\u00bb da_not_modal=\u00bbon\u00bb da_is_singular=\u00bboff\u00bb da_with_loader=\u00bboff\u00bb da_has_shadow=\u00bbon\u00bb][et_pb_row custom_padding_last_edited=\u00bbon|phone\u00bb _builder_version=\u00bb4.16&#8243; _module_preset=\u00bbdefault\u00bb background_color=\u00bbRGBA(255,255,255,0)\u00bb module_alignment=\u00bbcenter\u00bb custom_margin=\u00bb20px||0px||false|false\u00bb custom_padding=\u00bb10px||4px|0px|false|false\u00bb custom_padding_tablet=\u00bb||0px||false|false\u00bb custom_padding_phone=\u00bb||0px||false|false\u00bb global_colors_info=\u00bb{}\u00bb][et_pb_column type=\u00bb4_4&#8243; _builder_version=\u00bb4.16&#8243; _module_preset=\u00bbdefault\u00bb global_colors_info=\u00bb{}\u00bb][et_pb_text _builder_version=\u00bb4.27.4&#8243; _module_preset=\u00bbdefault\u00bb text_text_color=\u00bb#FFFFFF\u00bb text_font_size=\u00bb16px\u00bb link_font=\u00bb||||on||||\u00bb link_text_color=\u00bb#FFFFFF\u00bb header_font=\u00bbSource Sans Pro|600|||||||\u00bb header_text_color=\u00bb#FFFFFF\u00bb header_font_size=\u00bb25px\u00bb header_2_font=\u00bbCairo|800|||||||\u00bb header_2_text_color=\u00bb#FFFFFF\u00bb header_2_font_size=\u00bb44px\u00bb custom_margin=\u00bb|0px|0px||false|false\u00bb custom_padding=\u00bb|0px|||false|false\u00bb hover_enabled=\u00bb0&#8243; header_2_font_size_tablet=\u00bb36px\u00bb header_2_font_size_phone=\u00bb30px\u00bb header_2_font_size_last_edited=\u00bbon|phone\u00bb global_colors_info=\u00bb{}\u00bb sticky_enabled=\u00bb0&#8243;]<\/p>\n<p><a href=\"https:\/\/ieec.cat\/es\/apec\/\">APEC<\/a> | <strong>ESA Phi-Lab Spain<\/strong><\/p>\n<p>[\/et_pb_text][\/et_pb_column][\/et_pb_row][et_pb_row custom_padding_last_edited=\u00bbon|phone\u00bb _builder_version=\u00bb4.16&#8243; _module_preset=\u00bbdefault\u00bb background_color=\u00bbrgba(255,255,255,0.38)\u00bb module_alignment=\u00bbcenter\u00bb custom_margin=\u00bb20px||0px||false|false\u00bb custom_padding=\u00bb10px||4px|40px|false|false\u00bb custom_padding_tablet=\u00bb||0px||false|false\u00bb custom_padding_phone=\u00bb||0px||false|false\u00bb global_colors_info=\u00bb{}\u00bb][et_pb_column type=\u00bb4_4&#8243; _builder_version=\u00bb4.16&#8243; _module_preset=\u00bbdefault\u00bb global_colors_info=\u00bb{}\u00bb][et_pb_text _builder_version=\u00bb4.27.4&#8243; _module_preset=\u00bbdefault\u00bb header_font=\u00bbCairo|700|||||||\u00bb header_text_color=\u00bb#FFFFFF\u00bb header_font_size=\u00bb25px\u00bb header_2_font=\u00bbCairo|800|||||||\u00bb header_2_text_color=\u00bb#FFFFFF\u00bb header_2_font_size=\u00bb44px\u00bb custom_margin=\u00bb|0px|0px||false|false\u00bb custom_padding=\u00bb|0px|||false|false\u00bb hover_enabled=\u00bb0&#8243; header_2_font_size_tablet=\u00bb36px\u00bb header_2_font_size_phone=\u00bb30px\u00bb header_2_font_size_last_edited=\u00bbon|phone\u00bb global_colors_info=\u00bb{}\u00bb sticky_enabled=\u00bb0&#8243;]<\/p>\n<h1><strong>ESA Phi-Lab Spain<\/strong><\/h1>\n<p>[\/et_pb_text][\/et_pb_column][\/et_pb_row][et_pb_row _builder_version=\u00bb4.16&#8243; _module_preset=\u00bbdefault\u00bb background_color=\u00bbRGBA(255,255,255,0)\u00bb global_colors_info=\u00bb{}\u00bb][et_pb_column type=\u00bb4_4&#8243; _builder_version=\u00bb4.16&#8243; _module_preset=\u00bbdefault\u00bb global_colors_info=\u00bb{}\u00bb][et_pb_text _builder_version=\u00bb4.27.4&#8243; _module_preset=\u00bbdefault\u00bb text_font=\u00bb|600|||||||\u00bb text_text_color=\u00bb#FFFFFF\u00bb text_font_size=\u00bb23px\u00bb text_line_height=\u00bb1.1em\u00bb custom_padding=\u00bb|||40px|false|false\u00bb custom_padding_tablet=\u00bb|||0px|false|false\u00bb custom_padding_phone=\u00bb|||0px|false|false\u00bb custom_padding_last_edited=\u00bbon|tablet\u00bb text_font_size_tablet=\u00bb21px\u00bb text_font_size_phone=\u00bb20px\u00bb text_font_size_last_edited=\u00bbon|phone\u00bb global_colors_info=\u00bb{}\u00bb]<\/p>\n<p><em>Impulsamos la innovaci\u00f3n para comercializar tecnolog\u00edas espaciales que mejoren la resiliencia clim\u00e1tica.<\/em><\/p>\n<p>[\/et_pb_text][\/et_pb_column][\/et_pb_row][\/et_pb_section][et_pb_section fb_built=\u00bb1&#8243; _builder_version=\u00bb4.16&#8243; _module_preset=\u00bbdefault\u00bb width=\u00bb99.9%\u00bb custom_padding=\u00bb2px||24px|||\u00bb da_disable_devices=\u00bboff|off|off\u00bb global_colors_info=\u00bb{}\u00bb da_is_popup=\u00bboff\u00bb da_exit_intent=\u00bboff\u00bb da_has_close=\u00bbon\u00bb da_alt_close=\u00bboff\u00bb da_dark_close=\u00bboff\u00bb da_not_modal=\u00bbon\u00bb da_is_singular=\u00bboff\u00bb da_with_loader=\u00bboff\u00bb da_has_shadow=\u00bbon\u00bb][et_pb_row _builder_version=\u00bb4.27.4&#8243; _module_preset=\u00bbdefault\u00bb global_colors_info=\u00bb{}\u00bb][et_pb_column type=\u00bb4_4&#8243; _builder_version=\u00bb4.27.4&#8243; _module_preset=\u00bbdefault\u00bb global_colors_info=\u00bb{}\u00bb][et_pb_text _builder_version=\u00bb4.27.4&#8243; _module_preset=\u00bbdefault\u00bb link_font=\u00bb|700|||||||\u00bb link_text_color=\u00bb#406FDA\u00bb header_2_text_color=\u00bb#1a1140&#8243; header_3_text_color=\u00bb#1a1140&#8243; header_3_line_height=\u00bb1.2em\u00bb global_colors_info=\u00bb{}\u00bb]<\/p>\n<p><span style=\"font-weight: 400;\">El Institut d\u2019Estudis Espacials de Catalunya (IEEC) est\u00e1 firmemente comprometido con la innovaci\u00f3n tecnol\u00f3gica en el sector espacial con programas como el Phi-Lab Spain de la <\/span><a href=\"https:\/\/www.esa.int\/\" target=\"_blank\" rel=\"noopener\"><b>Agencia Espacial Europea<\/b><\/a><span style=\"font-weight: 400;\"> (ESA). Situado en Barcelona, este centro de competencia tiene como objetivo fomentar la colaboraci\u00f3n entre instituciones acad\u00e9micas, empresas e inversores para facilitar la comercializaci\u00f3n de tecnolog\u00edas espaciales que mejoren la resiliencia clim\u00e1tica.<\/span><\/p>\n<p><span style=\"font-weight: 400;\">El programa cuenta con el apoyo del Ministerio de Ciencia, Innovaci\u00f3n y Universidades a trav\u00e9s de la <a href=\"https:\/\/www.aee.gob.es\/\" target=\"_blank\" rel=\"noopener\">Agencia Espacial Espa\u00f1ola<\/a> (AEE) y de la <a href=\"https:\/\/politiquesdigitals.gencat.cat\/ca\/economia\/estrategia-new-space-catalunya\/index.html\" target=\"_blank\" rel=\"noopener\">Generalitat de Catalunya<\/a> en el marco de la Estrategia NewSpace de Catalunya.<\/span><\/p>\n<p>[\/et_pb_text][et_pb_image src=\u00bbhttps:\/\/www.ieec.cat\/wp-content\/uploads\/2025\/07\/02A-i2CAT-Phi-Lab-Template_banner.jpg\u00bb _builder_version=\u00bb4.27.4&#8243; _module_preset=\u00bbdefault\u00bb custom_margin=\u00bb||-1px|||\u00bb global_colors_info=\u00bb{}\u00bb][\/et_pb_image][et_pb_text module_class=\u00bbieec-img-footer\u00bb _builder_version=\u00bb4.27.4&#8243; _module_preset=\u00bbdefault\u00bb text_font=\u00bb||||||||\u00bb text_font_size=\u00bb15px\u00bb text_line_height=\u00bb1.1em\u00bb background_color=\u00bbrgba(64,111,218,0.15)\u00bb custom_margin=\u00bb0px||||false|false\u00bb custom_padding=\u00bb30px|20px|30px|20px|true|true\u00bb global_colors_info=\u00bb{}\u00bb]<\/p>\n<p>En 2022, la ONU eligi\u00f3 las Terres de l&#8217;Ebre como primer territorio del mundo para analizar los retos globales relacionados con la resiliencia clim\u00e1tica.\u00a0<strong><br \/><\/strong><b>Cr\u00e9ditos<\/b><span style=\"font-weight: 400;\">: Procesada por la ESA y licenciada bajo la licencia est\u00e1ndar de la ESA. Contiene datos codificados de Copernicus Sentinel (2024).<\/span><\/p>\n<p>[\/et_pb_text][\/et_pb_column][\/et_pb_row][et_pb_row _builder_version=\u00bb4.27.4&#8243; _module_preset=\u00bbdefault\u00bb custom_margin=\u00bb0px||0px||false|false\u00bb custom_padding=\u00bb0px||10px||false|false\u00bb global_colors_info=\u00bb{}\u00bb][et_pb_column type=\u00bb4_4&#8243; _builder_version=\u00bb4.16&#8243; _module_preset=\u00bbdefault\u00bb global_colors_info=\u00bb{}\u00bb][et_pb_text _builder_version=\u00bb4.27.4&#8243; _module_preset=\u00bbdefault\u00bb global_colors_info=\u00bb{}\u00bb]<\/p>\n<h2><strong>Innovaci\u00f3n al servicio de la resiliencia clim\u00e1tica<\/strong><\/h2>\n<p>[\/et_pb_text][et_pb_text _builder_version=\u00bb4.27.4&#8243; _module_preset=\u00bbdefault\u00bb link_font=\u00bb|700|||||||\u00bb link_text_color=\u00bb#406FDA\u00bb header_2_text_color=\u00bb#1a1140&#8243; header_3_text_color=\u00bb#1a1140&#8243; header_3_line_height=\u00bb1.2em\u00bb global_colors_info=\u00bb{}\u00bb]<\/p>\n<p><span style=\"font-weight: 400;\">Phi-Lab Spain es una iniciativa dentro del <\/span><a href=\"https:\/\/commercialisation.esa.int\/scaleup\/\" target=\"_blank\" rel=\"noopener\"><span style=\"font-weight: 400;\">Programa ScaleUp<\/span><\/a><span style=\"font-weight: 400;\"> de la ESA, dise\u00f1ado para impulsar la comercializaci\u00f3n del espacio y fomentar el crecimiento de la inversi\u00f3n privada en el sector espacial. Desde su creaci\u00f3n, el Phi-Lab Spain forma parte de la <\/span><a href=\"https:\/\/commercialisation.esa.int\/phi-labnet\/\" target=\"_blank\" rel=\"noopener\"><span style=\"font-weight: 400;\">red ESA Phi-Lab NET<\/span><\/a><span style=\"font-weight: 400;\">, formada por 11 Phi-Labs repartidos por diferentes estados miembros de la ESA.<\/span><\/p>\n<p><span style=\"font-weight: 400;\">La misi\u00f3n del Phi-Lab Spain es acelerar el futuro del sector espacial, tanto en el \u00e1mbito <\/span><i><span style=\"font-weight: 400;\">upstream<\/span><\/i><span style=\"font-weight: 400;\"> (desarrollo de objetos espaciales y de su propulsi\u00f3n en el espacio) como <\/span><i><span style=\"font-weight: 400;\">downstream <\/span><\/i><span style=\"font-weight: 400;\">(explotaci\u00f3n y conversi\u00f3n de datos y conocimientos obtenidos a trav\u00e9s de la tecnolog\u00eda espacial en aplicaciones en la Tierra), a trav\u00e9s de proyectos innovadores con alto potencial comercial. El objetivo final es contribuir a la resiliencia clim\u00e1tica, al tiempo que se refuerza la competitividad del sector espacial mediante la investigaci\u00f3n en ciencia y tecnolog\u00edas pioneras, y establecer a Europa como l\u00edder mundial en este campo.<\/span><\/p>\n<p>[\/et_pb_text][\/et_pb_column][\/et_pb_row][et_pb_row _builder_version=\u00bb4.27.4&#8243; _module_preset=\u00bbdefault\u00bb custom_padding=\u00bb27px||0px|||\u00bb global_colors_info=\u00bb{}\u00bb][et_pb_column type=\u00bb4_4&#8243; _builder_version=\u00bb4.27.4&#8243; _module_preset=\u00bbdefault\u00bb global_colors_info=\u00bb{}\u00bb][et_pb_text module_id=\u00bbIAF\u00bb _builder_version=\u00bb4.27.4&#8243; _module_preset=\u00bbdefault\u00bb custom_margin=\u00bb||22px|||\u00bb custom_padding=\u00bb||0px|||\u00bb global_colors_info=\u00bb{}\u00bb]<\/p>\n<h3><strong>El consorcio<\/strong><\/h3>\n<p>[\/et_pb_text][\/et_pb_column][\/et_pb_row][et_pb_row column_structure=\u00bb3_5,2_5&#8243; _builder_version=\u00bb4.27.4&#8243; _module_preset=\u00bbdefault\u00bb custom_padding=\u00bb0px||1px|||\u00bb global_colors_info=\u00bb{}\u00bb][et_pb_column type=\u00bb3_5&#8243; _builder_version=\u00bb4.27.4&#8243; _module_preset=\u00bbdefault\u00bb global_colors_info=\u00bb{}\u00bb][et_pb_text _builder_version=\u00bb4.27.4&#8243; _module_preset=\u00bbdefault\u00bb global_colors_info=\u00bb{}\u00bb]<\/p>\n<p><span style=\"font-weight: 400;\">El IEEC es el coordinador de la propuesta ganadora para albergar un Phi-Lab en el marco de la convocatoria lanzada por la ESA y adjudicada en septiembre de 2024. Desde entonces, el IEEC ha desempe\u00f1ado un papel fundamental en la gesti\u00f3n y coordinaci\u00f3n de esta iniciativa, en la que participa un gran consorcio de universidades, centros de investigaci\u00f3n e innovaci\u00f3n y empresas. Estos son la Fundaci\u00f3n i2CAT, el Instituto Cartogr\u00e1fico y Geol\u00f3gico de Catalunya (ICGC), la Fundaci\u00f3n General CSIC, KIMbcn, ARRIBES Enlightenment, la Universidad de Valencia (UVEG), la Universitat Polit\u00e8cnica de Catalunya &#8211; BarcelonaTech (UPC), el Barcelona Supercomputing Center (BSC-CNS), el Instituto de Innovaci\u00f3n Ricardo Valle (IRV), la Planta Piloto MELiSSA de la ESA en la Universitat Aut\u00f2noma de Barcelona (UAB), y el Instituto de Ciencias Fot\u00f3nicas (ICFO).<\/span><\/p>\n<p>[\/et_pb_text][\/et_pb_column][et_pb_column type=\u00bb2_5&#8243; _builder_version=\u00bb4.27.4&#8243; _module_preset=\u00bbdefault\u00bb global_colors_info=\u00bb{}\u00bb][et_pb_image src=\u00bbhttps:\/\/www.ieec.cat\/wp-content\/uploads\/2025\/07\/mapa-philab1.png\u00bb _builder_version=\u00bb4.27.4&#8243; _module_preset=\u00bbdefault\u00bb global_colors_info=\u00bb{}\u00bb][\/et_pb_image][\/et_pb_column][\/et_pb_row][et_pb_row _builder_version=\u00bb4.27.4&#8243; _module_preset=\u00bbdefault\u00bb custom_padding=\u00bb||0px|||\u00bb global_colors_info=\u00bb{}\u00bb][et_pb_column type=\u00bb4_4&#8243; _builder_version=\u00bb4.27.4&#8243; _module_preset=\u00bbdefault\u00bb global_colors_info=\u00bb{}\u00bb][et_pb_text module_id=\u00bbEURISY\u00bb _builder_version=\u00bb4.27.4&#8243; _module_preset=\u00bbdefault\u00bb custom_margin=\u00bb||22px|||\u00bb custom_padding=\u00bb||0px|||\u00bb global_colors_info=\u00bb{}\u00bb]<\/p>\n<h3><strong>Servicios<\/strong><\/h3>\n<p>[\/et_pb_text][\/et_pb_column][\/et_pb_row][et_pb_row column_structure=\u00bb1_3,2_3&#8243; _builder_version=\u00bb4.27.4&#8243; _module_preset=\u00bbdefault\u00bb custom_padding=\u00bb0px|||||\u00bb global_colors_info=\u00bb{}\u00bb][et_pb_column type=\u00bb1_3&#8243; _builder_version=\u00bb4.27.4&#8243; _module_preset=\u00bbdefault\u00bb global_colors_info=\u00bb{}\u00bb][et_pb_image src=\u00bbhttps:\/\/www.ieec.cat\/wp-content\/uploads\/2023\/10\/RDIT-UPC-1-web.jpg\u00bb title_text=\u00bbRDIT-UPC-1-web\u00bb _builder_version=\u00bb4.27.4&#8243; _module_preset=\u00bbdefault\u00bb global_colors_info=\u00bb{}\u00bb][\/et_pb_image][\/et_pb_column][et_pb_column type=\u00bb2_3&#8243; _builder_version=\u00bb4.27.4&#8243; _module_preset=\u00bbdefault\u00bb global_colors_info=\u00bb{}\u00bb][et_pb_text _builder_version=\u00bb4.27.4&#8243; _module_preset=\u00bbdefault\u00bb hover_enabled=\u00bb0&#8243; global_colors_info=\u00bb{}\u00bb sticky_enabled=\u00bb0&#8243;]<\/p>\n<p><span style=\"font-weight: 400;\">A trav\u00e9s de colaboraciones estrat\u00e9gicas y un s\u00f3lido compromiso tanto con la investigaci\u00f3n como con la industria, el ESA Phi-Lab Spain garantiza que los proyectos innovadores, desde las ideas en fase inicial hasta las soluciones plenamente desarrolladas, reciben el apoyo esencial para crecer y tener \u00e9xito.<\/span><\/p>\n<p><span style=\"font-weight: 400;\">Ubicado en el edificio RDIT del Parque Mediterr\u00e1neo de la Tecnolog\u00eda de Castelldefels (Barcelona), el ESA Phi-Lab Spain ofrece diversos servicios a las partes interesadas, entre los que se incluyen financiaci\u00f3n, apoyo y asesoramiento (gesti\u00f3n de la propiedad intelectual, mentor\u00eda en investigaci\u00f3n, apoyo t\u00e9cnico y asesoramiento empresarial), acceso a infraestructuras (datos espaciales, laboratorios y otras instalaciones especializadas) y oportunidades de creaci\u00f3n de redes de contactos.<\/span><\/p>\n<p>[\/et_pb_text][\/et_pb_column][\/et_pb_row][et_pb_row _builder_version=\u00bb4.27.4&#8243; _module_preset=\u00bbdefault\u00bb global_colors_info=\u00bb{}\u00bb][et_pb_column type=\u00bb4_4&#8243; _builder_version=\u00bb4.27.4&#8243; _module_preset=\u00bbdefault\u00bb global_colors_info=\u00bb{}\u00bb][et_pb_button button_url=\u00bbhttps:\/\/esaphilabnet-spain.ieec.cat\/es\/\u00bb url_new_window=\u00bbon\u00bb button_text=\u00bbVISITAR WEB\u00bb button_alignment=\u00bbcenter\u00bb _builder_version=\u00bb4.27.4&#8243; _module_preset=\u00bbdefault\u00bb custom_margin=\u00bb||-1px||false|false\u00bb custom_margin_tablet=\u00bb||||false|false\u00bb custom_margin_phone=\u00bb||||false|false\u00bb custom_margin_last_edited=\u00bbon|phone\u00bb custom_padding=\u00bb12px|40px|12px|30px|true|false\u00bb locked=\u00bboff\u00bb global_colors_info=\u00bb{}\u00bb][\/et_pb_button][\/et_pb_column][\/et_pb_row][et_pb_row column_structure=\u00bb1_3,1_3,1_3&#8243; disabled_on=\u00bboff|off|off\u00bb _builder_version=\u00bb4.27.4&#8243; _module_preset=\u00bbdefault\u00bb custom_padding=\u00bb12px||10px|||\u00bb locked=\u00bboff\u00bb global_colors_info=\u00bb{}\u00bb][et_pb_column type=\u00bb1_3&#8243; _builder_version=\u00bb4.27.4&#8243; _module_preset=\u00bbdefault\u00bb global_colors_info=\u00bb{}\u00bb][et_pb_image src=\u00bbhttps:\/\/www.ieec.cat\/wp-content\/uploads\/2025\/07\/ESA_PhiLabNET_Spain_DS.png\u00bb title_text=\u00bbESA_PhiLabNET_Spain_DS\u00bb _builder_version=\u00bb4.27.4&#8243; _module_preset=\u00bbdefault\u00bb custom_margin=\u00bb|||-29px||\u00bb custom_padding=\u00bb1px|||0px||\u00bb global_colors_info=\u00bb{}\u00bb][\/et_pb_image][\/et_pb_column][et_pb_column type=\u00bb1_3&#8243; _builder_version=\u00bb4.27.4&#8243; _module_preset=\u00bbdefault\u00bb global_colors_info=\u00bb{}\u00bb][\/et_pb_column][et_pb_column type=\u00bb1_3&#8243; _builder_version=\u00bb4.27.4&#8243; _module_preset=\u00bbdefault\u00bb global_colors_info=\u00bb{}\u00bb][\/et_pb_column][\/et_pb_row][\/et_pb_section]<\/p>\n","protected":false},"excerpt":{"rendered":"<p>APEC | ESA Phi-Lab SpainESA Phi-Lab SpainImpulsamos la innovaci\u00f3n para comercializar tecnolog\u00edas espaciales que mejoren la resiliencia clim\u00e1tica.El Institut d\u2019Estudis Espacials de Catalunya (IEEC) est\u00e1 firmemente comprometido con la innovaci\u00f3n tecnol\u00f3gica en el sector espacial con programas como el Phi-Lab Spain de la Agencia Espacial Europea (ESA). Situado en Barcelona, este centro de competencia tiene [&hellip;]<\/p>\n","protected":false},"author":5,"featured_media":0,"parent":11360,"menu_order":0,"comment_status":"closed","ping_status":"closed","template":"","meta":{"_et_pb_use_builder":"on","_et_pb_old_content":"","_et_gb_content_width":"","footnotes":""},"class_list":["post-37154","page","type-page","status-publish","hentry"],"yoast_head":"<!-- This site is optimized with the Yoast SEO plugin v27.5 - https:\/\/yoast.com\/product\/yoast-seo-wordpress\/ -->\n<title>ESA Phi-LabNET Spain - IEEC<\/title>\n<meta name=\"robots\" content=\"index, follow, max-snippet:-1, max-image-preview:large, max-video-preview:-1\" \/>\n<link rel=\"canonical\" href=\"https:\/\/www.ieec.cat\/es\/apec\/esa-phi-labnet-spain\/\" \/>\n<meta property=\"og:locale\" content=\"es_ES\" \/>\n<meta property=\"og:type\" content=\"article\" \/>\n<meta property=\"og:title\" content=\"ESA Phi-LabNET Spain - IEEC\" \/>\n<meta property=\"og:description\" content=\"APEC | ESA Phi-Lab SpainESA Phi-Lab SpainImpulsamos la innovaci\u00f3n para comercializar tecnolog\u00edas espaciales que mejoren la resiliencia clim\u00e1tica.El Institut d\u2019Estudis Espacials de Catalunya (IEEC) est\u00e1 firmemente comprometido con la innovaci\u00f3n tecnol\u00f3gica en el sector espacial con programas como el Phi-Lab Spain de la Agencia Espacial Europea (ESA). Situado en Barcelona, este centro de competencia tiene [&hellip;]\" \/>\n<meta property=\"og:url\" content=\"https:\/\/www.ieec.cat\/es\/apec\/esa-phi-labnet-spain\/\" \/>\n<meta property=\"og:site_name\" content=\"IEEC\" \/>\n<meta property=\"article:modified_time\" content=\"2025-11-25T10:13:34+00:00\" \/>\n<meta name=\"twitter:card\" content=\"summary_large_image\" \/>\n<meta name=\"twitter:label1\" content=\"Tiempo de lectura\" \/>\n\t<meta name=\"twitter:data1\" content=\"9 minutos\" \/>\n<script type=\"application\/ld+json\" class=\"yoast-schema-graph\">{\"@context\":\"https:\\\/\\\/schema.org\",\"@graph\":[{\"@type\":\"WebPage\",\"@id\":\"https:\\\/\\\/www.ieec.cat\\\/es\\\/apec\\\/esa-phi-labnet-spain\\\/\",\"url\":\"https:\\\/\\\/www.ieec.cat\\\/es\\\/apec\\\/esa-phi-labnet-spain\\\/\",\"name\":\"ESA Phi-LabNET Spain - IEEC\",\"isPartOf\":{\"@id\":\"https:\\\/\\\/www.ieec.cat\\\/es\\\/#website\"},\"datePublished\":\"2025-07-02T11:02:28+00:00\",\"dateModified\":\"2025-11-25T10:13:34+00:00\",\"breadcrumb\":{\"@id\":\"https:\\\/\\\/www.ieec.cat\\\/es\\\/apec\\\/esa-phi-labnet-spain\\\/#breadcrumb\"},\"inLanguage\":\"es\",\"potentialAction\":[{\"@type\":\"ReadAction\",\"target\":[\"https:\\\/\\\/www.ieec.cat\\\/es\\\/apec\\\/esa-phi-labnet-spain\\\/\"]}]},{\"@type\":\"BreadcrumbList\",\"@id\":\"https:\\\/\\\/www.ieec.cat\\\/es\\\/apec\\\/esa-phi-labnet-spain\\\/#breadcrumb\",\"itemListElement\":[{\"@type\":\"ListItem\",\"position\":1,\"name\":\"Portada\",\"item\":\"https:\\\/\\\/www.ieec.cat\\\/es\\\/\"},{\"@type\":\"ListItem\",\"position\":2,\"name\":\"APEC\",\"item\":\"https:\\\/\\\/www.ieec.cat\\\/es\\\/apec\\\/\"},{\"@type\":\"ListItem\",\"position\":3,\"name\":\"ESA Phi-LabNET Spain\"}]},{\"@type\":\"WebSite\",\"@id\":\"https:\\\/\\\/www.ieec.cat\\\/es\\\/#website\",\"url\":\"https:\\\/\\\/www.ieec.cat\\\/es\\\/\",\"name\":\"IEEC\",\"description\":\"Institut d&#039;Estudis Espacials de Catalunya\",\"potentialAction\":[{\"@type\":\"SearchAction\",\"target\":{\"@type\":\"EntryPoint\",\"urlTemplate\":\"https:\\\/\\\/www.ieec.cat\\\/es\\\/?s={search_term_string}\"},\"query-input\":{\"@type\":\"PropertyValueSpecification\",\"valueRequired\":true,\"valueName\":\"search_term_string\"}}],\"inLanguage\":\"es\"}]}<\/script>\n<!-- \/ Yoast SEO plugin. -->","yoast_head_json":{"title":"ESA Phi-LabNET Spain - IEEC","robots":{"index":"index","follow":"follow","max-snippet":"max-snippet:-1","max-image-preview":"max-image-preview:large","max-video-preview":"max-video-preview:-1"},"canonical":"https:\/\/www.ieec.cat\/es\/apec\/esa-phi-labnet-spain\/","og_locale":"es_ES","og_type":"article","og_title":"ESA Phi-LabNET Spain - IEEC","og_description":"APEC | ESA Phi-Lab SpainESA Phi-Lab SpainImpulsamos la innovaci\u00f3n para comercializar tecnolog\u00edas espaciales que mejoren la resiliencia clim\u00e1tica.El Institut d\u2019Estudis Espacials de Catalunya (IEEC) est\u00e1 firmemente comprometido con la innovaci\u00f3n tecnol\u00f3gica en el sector espacial con programas como el Phi-Lab Spain de la Agencia Espacial Europea (ESA). Situado en Barcelona, este centro de competencia tiene [&hellip;]","og_url":"https:\/\/www.ieec.cat\/es\/apec\/esa-phi-labnet-spain\/","og_site_name":"IEEC","article_modified_time":"2025-11-25T10:13:34+00:00","twitter_card":"summary_large_image","twitter_misc":{"Tiempo de lectura":"9 minutos"},"schema":{"@context":"https:\/\/schema.org","@graph":[{"@type":"WebPage","@id":"https:\/\/www.ieec.cat\/es\/apec\/esa-phi-labnet-spain\/","url":"https:\/\/www.ieec.cat\/es\/apec\/esa-phi-labnet-spain\/","name":"ESA Phi-LabNET Spain - IEEC","isPartOf":{"@id":"https:\/\/www.ieec.cat\/es\/#website"},"datePublished":"2025-07-02T11:02:28+00:00","dateModified":"2025-11-25T10:13:34+00:00","breadcrumb":{"@id":"https:\/\/www.ieec.cat\/es\/apec\/esa-phi-labnet-spain\/#breadcrumb"},"inLanguage":"es","potentialAction":[{"@type":"ReadAction","target":["https:\/\/www.ieec.cat\/es\/apec\/esa-phi-labnet-spain\/"]}]},{"@type":"BreadcrumbList","@id":"https:\/\/www.ieec.cat\/es\/apec\/esa-phi-labnet-spain\/#breadcrumb","itemListElement":[{"@type":"ListItem","position":1,"name":"Portada","item":"https:\/\/www.ieec.cat\/es\/"},{"@type":"ListItem","position":2,"name":"APEC","item":"https:\/\/www.ieec.cat\/es\/apec\/"},{"@type":"ListItem","position":3,"name":"ESA Phi-LabNET Spain"}]},{"@type":"WebSite","@id":"https:\/\/www.ieec.cat\/es\/#website","url":"https:\/\/www.ieec.cat\/es\/","name":"IEEC","description":"Institut d&#039;Estudis Espacials de Catalunya","potentialAction":[{"@type":"SearchAction","target":{"@type":"EntryPoint","urlTemplate":"https:\/\/www.ieec.cat\/es\/?s={search_term_string}"},"query-input":{"@type":"PropertyValueSpecification","valueRequired":true,"valueName":"search_term_string"}}],"inLanguage":"es"}]}},"_links":{"self":[{"href":"https:\/\/www.ieec.cat\/es\/wp-json\/wp\/v2\/pages\/37154","targetHints":{"allow":["GET"]}}],"collection":[{"href":"https:\/\/www.ieec.cat\/es\/wp-json\/wp\/v2\/pages"}],"about":[{"href":"https:\/\/www.ieec.cat\/es\/wp-json\/wp\/v2\/types\/page"}],"author":[{"embeddable":true,"href":"https:\/\/www.ieec.cat\/es\/wp-json\/wp\/v2\/users\/5"}],"replies":[{"embeddable":true,"href":"https:\/\/www.ieec.cat\/es\/wp-json\/wp\/v2\/comments?post=37154"}],"version-history":[{"count":0,"href":"https:\/\/www.ieec.cat\/es\/wp-json\/wp\/v2\/pages\/37154\/revisions"}],"up":[{"embeddable":true,"href":"https:\/\/www.ieec.cat\/es\/wp-json\/wp\/v2\/pages\/11360"}],"wp:attachment":[{"href":"https:\/\/www.ieec.cat\/es\/wp-json\/wp\/v2\/media?parent=37154"}],"curies":[{"name":"wp","href":"https:\/\/api.w.org\/{rel}","templated":true}]}}